{"id":980,"date":"2026-02-26T19:46:36","date_gmt":"2026-02-26T18:46:36","guid":{"rendered":"https:\/\/belcaire.eu\/?page_id=980"},"modified":"2026-02-28T09:39:53","modified_gmt":"2026-02-28T08:39:53","slug":"portocale","status":"publish","type":"page","link":"https:\/\/belcaire.eu\/ro\/products\/citrice\/portocale\/","title":{"rendered":"Portocale"},"content":{"rendered":"\n  <div class=\"banner has-hover has-parallax\" id=\"banner-1173540612\">\n          <div class=\"banner-inner fill\">\n        <div class=\"banner-bg fill\" data-parallax=\"-3\" data-parallax-container=\".banner\" data-parallax-background>\n            <img loading=\"lazy\" decoding=\"async\" width=\"500\" height=\"500\" src=\"https:\/\/belcaire.eu\/wp-content\/uploads\/2025\/11\/citrice.png\" class=\"bg attachment-large size-large\" alt=\"\" \/>                        <div class=\"overlay\"><\/div>            \n                    <\/div>\n\t\t\n        <div class=\"banner-layers container\">\n            <div class=\"fill banner-link\"><\/div>            \n   <div id=\"text-box-946205166\" class=\"text-box banner-layer x50 md-x50 lg-x50 y80 md-y80 lg-y80 res-text\">\n                                <div class=\"text-box-content text dark\">\n              \n              <div class=\"text-inner text-center\">\n                  \n<h1 class=\"lead\" style=\"color: #fff;\">Furnizor \u0219i Exportator de Portocale din Spania<\/h1>\n<p class=\"lead\" style=\"color: #fff;\">Portocale en-gros din Spania, selec\u021bionate la origine \u0219i livrate cu logistic\u0103 de export sigur\u0103 pentru cump\u0103r\u0103tori interna\u021bionali.<\/p>\n              <\/div>\n           <\/div>\n                            \n<style>\n#text-box-946205166 {\n  width: 60%;\n}\n#text-box-946205166 .text-box-content {\n  font-size: 100%;\n}\n<\/style>\n    <\/div>\n \n        <\/div>\n      <\/div>\n\n            \n<style>\n#banner-1173540612 {\n  padding-top: 507px;\n}\n#banner-1173540612 .overlay {\n  background-color: rgba(0,0,0,0.45);\n}\n#banner-1173540612 .banner-bg img {\n  object-position: 55% 45%;\n}\n<\/style>\n  <\/div>\n\n\n<div class=\"row\"  id=\"row-1732990691\">\n\n\t<div id=\"col-707729009\" class=\"col small-12 large-12\"  >\n\t\t\t\t<div class=\"col-inner\"  >\n\t\t\t\n\t\t\t\n<div class=\"container section-title-container\" ><h3 class=\"section-title section-title-center\"><b aria-hidden=\"true\"><\/b><span class=\"section-title-main\" >Portocale din Spania pentru importatori \u0219i programe retail \u00een Rom\u00e2nia<\/span><b aria-hidden=\"true\"><\/b><\/h3><\/div>\n<p class=\"lead text-center\">Belcaire furnizeaz\u0103 <strong>portocale din Spania<\/strong> pentru <strong>importatori<\/strong>, <strong>lan\u021buri de supermarketuri<\/strong> \u0219i <strong>distribuitori<\/strong>.<br \/>\nAsigur\u0103m <strong>calitate constant\u0103<\/strong>, <strong>planificare<\/strong> \u0219i <strong>trasabilitate complet\u0103<\/strong> pentru livr\u0103ri recurente.<\/p>\n<p class=\"lead text-center\" style=\"max-width: 980px; margin-left: auto; margin-right: auto;\">\u00cen Rom\u00e2nia, cump\u0103r\u0103torii caut\u0103 adesea: <strong>furnizor portocale Spania<\/strong>, <strong>import portocale Spania<\/strong>, <strong>portocale en-gros<\/strong>.<br \/>\nAvem prezen\u021b\u0103 opera\u021bional\u0103 \u00een <strong>Bucure\u0219ti<\/strong> pentru a sprijini comunicarea \u0219i programele comerciale \u00een Europa Central\u0103 \u0219i de Est.<\/p>\n<p class=\"lead text-center\" style=\"margin-top: 10px;\"><a style=\"text-decoration: none;\" href=\"\/ro\/produse\/citrice\/\">Vezi toate Citricele<\/a><\/p>\n\t\t<\/div>\n\t\t\t\t\t<\/div>\n\n\t\n<\/div>\n\n\t<section class=\"section\" id=\"section_55982989\">\n\t\t<div class=\"section-bg fill\" >\n\t\t\t\t\t\t\t\t\t\n\t\t\t\n\n\t\t<\/div>\n\n\t\t\n\n\t\t<div class=\"section-content relative\">\n\t\t\t\n<div class=\"row row-small align-equal row-box-shadow-2-hover\"  id=\"row-1613360947\">\n\n\t<div id=\"col-807780640\" class=\"col medium-4 small-12 large-4\"  >\n\t\t\t\t<div class=\"col-inner\" style=\"background-color:#EAF2EF;\" >\n\t\t\t\n\t\t\t\n<h2 class=\"uppercase\" style=\"margin-bottom: 10px;\">Programe en-gros<\/h2>\n<ul style=\"margin: 0;\">\n<li>Volume en-gros pentru retail \u0219i distribu\u021bie<\/li>\n<li>Calibre \u0219i formate adaptate pie\u021bei<\/li>\n<li>Planificare pe campanie<\/li>\n<\/ul>\n<p style=\"margin: 12px 0 0 0;\">Spune\u021bi-ne cerin\u021bele de volum, ambalare \u0219i calendar.<\/p>\n\t\t<\/div>\n\t\t\t\t\t<\/div>\n\n\t\n\n\t<div id=\"col-698120698\" class=\"col medium-4 small-12 large-4\"  >\n\t\t\t\t<div class=\"col-inner\" style=\"background-color:#F6FAF8;\" >\n\t\t\t\n\t\t\t\n<h2 class=\"uppercase\" style=\"margin-bottom: 10px;\">Ambalare &amp; logistic\u0103<\/h2>\n<p style=\"margin: 0;\">Ambalare adaptat\u0103 cerin\u021belor retail \u0219i distribu\u021bie. Coordon\u0103m <strong>logistica de export<\/strong> \u0219i planificarea livr\u0103rilor c\u0103tre Rom\u00e2nia \u0219i alte pie\u021be europene.<\/p>\n<ul style=\"margin: 12px 0 0 0;\">\n<li>Livr\u0103ri paletizate \u0219i suport documentar<\/li>\n<li>Termene clare \u0219i planificare livr\u0103ri<\/li>\n<li>Programe comerciale pe termen lung<\/li>\n<\/ul>\n\t\t<\/div>\n\t\t\t\t\t<\/div>\n\n\t\n\n\t<div id=\"col-1160028106\" class=\"col medium-4 small-12 large-4\"  >\n\t\t\t\t<div class=\"col-inner\" style=\"background-color:#D8E6DF;\" >\n\t\t\t\n\t\t\t\n<h2 class=\"uppercase\" style=\"margin-bottom: 10px;\">Calitate &amp; trasabilitate<\/h2>\n<p style=\"margin: 0;\">Selec\u021bie la origine, prospe\u021bime \u0219i respectarea standardelor europene, pentru performan\u021b\u0103 constant\u0103 \u00een lan\u021bul de aprovizionare.<\/p>\n<ul style=\"margin: 12px 0 0 0;\">\n<li>Control al calit\u0103\u021bii la origine<\/li>\n<li>Trasabilitate complet\u0103<\/li>\n<li>Comunicare direct\u0103 \u0219i angajamente clare<\/li>\n<\/ul>\n\t\t<\/div>\n\t\t\t\t\t<\/div>\n\n\t\n\n<style>\n#row-1613360947 > .col > .col-inner {\n  padding: 25px 20px;\n  border-radius: 5px;\n}\n@media (min-width:850px) {\n  #row-1613360947 > .col > .col-inner {\n    padding: 35px 30px;\n  }\n}\n<\/style>\n<\/div>\n\t\t<\/div>\n\n\t\t\n<style>\n#section_55982989 {\n  padding-top: 35px;\n  padding-bottom: 35px;\n}\n@media (min-width:550px) {\n  #section_55982989 {\n    padding-top: 50px;\n    padding-bottom: 50px;\n  }\n}\n<\/style>\n\t<\/section>\n\t\n\n\t<section class=\"section\" id=\"section_2033173457\">\n\t\t<div class=\"section-bg fill\" >\n\t\t\t\t\t\t\t\t\t\n\t\t\t\n\n\t\t<\/div>\n\n\t\t\n\n\t\t<div class=\"section-content relative\">\n\t\t\t\n<div class=\"row\"  id=\"row-1884863000\">\n\n\t<div id=\"col-879037557\" class=\"col small-12 large-12\"  >\n\t\t\t\t<div class=\"col-inner text-center\"  >\n\t\t\t\n\t\t\t\n<div class=\"container section-title-container\" ><h3 class=\"section-title section-title-center\"><b aria-hidden=\"true\"><\/b><span class=\"section-title-main\" >Solicit\u0103 un program de portocale<\/span><b aria-hidden=\"true\"><\/b><\/h3><\/div>\n<p class=\"lead text-center\" style=\"max-width: 980px; margin-left: auto; margin-right: auto;\">Trimite\u021bi pia\u021ba de destina\u021bie, volumele \u0219i preferin\u021bele de ambalare. Aliniem programul de portocale la cerin\u021bele dumneavoastr\u0103.<\/p>\n<a href=\"\/ro\/contact\/\" class=\"button primary box-shadow-1\" style=\"border-radius:99px;\">\n\t\t<span>Contacteaz\u0103 echipa noastr\u0103<\/span>\n\t<\/a>\n\n\t\t<\/div>\n\t\t\t\t\t<\/div>\n\n\t\n<\/div>\n\t\t<\/div>\n\n\t\t\n<style>\n#section_2033173457 {\n  padding-top: 20px;\n  padding-bottom: 20px;\n}\n@media (min-width:550px) {\n  #section_2033173457 {\n    padding-top: 25px;\n    padding-bottom: 25px;\n  }\n}\n<\/style>\n\t<\/section>\n\t\n\n\t<section class=\"section\" id=\"section_1774444968\">\n\t\t<div class=\"section-bg fill\" >\n\t\t\t\t\t\t\t\t\t\n\t\t\t\n\n\t\t<\/div>\n\n\t\t\n\n\t\t<div class=\"section-content relative\">\n\t\t\t\n<div class=\"row\"  id=\"row-1515559580\">\n\n\t<div id=\"col-1539599691\" class=\"col small-12 large-12\"  >\n\t\t\t\t<div class=\"col-inner\"  >\n\t\t\t\n\t\t\t\n<div class=\"container section-title-container\" ><h3 class=\"section-title section-title-center\"><b aria-hidden=\"true\"><\/b><span class=\"section-title-main\" >\u00centreb\u0103ri frecvente \u2013 Portocale din Spania<\/span><b aria-hidden=\"true\"><\/b><\/h3><\/div>\n<p><strong>Furniza\u021bi portocale en-gros?<\/strong><br \/>\nDa. Colabor\u0103m cu importatori, supermarketuri \u0219i distribuitori.<\/p>\n<p><strong>Portocalele sunt din Spania?<\/strong><br \/>\nDa. Spania este originea principal\u0103 pentru programele noastre de portocale.<\/p>\n<p><strong>Pute\u021bi adapta ambalarea pentru retail?<\/strong><br \/>\nDa. Adapt\u0103m formatele \u0219i planificarea livr\u0103rilor \u00een func\u021bie de cerin\u021be.<\/p>\n\t\t<\/div>\n\t\t\t\t\t<\/div>\n\n\t\n<\/div>\n\t\t<\/div>\n\n\t\t\n<style>\n#section_1774444968 {\n  padding-top: 25px;\n  padding-bottom: 25px;\n}\n@media (min-width:550px) {\n  #section_1774444968 {\n    padding-top: 35px;\n    padding-bottom: 35px;\n  }\n}\n<\/style>\n\t<\/section>\n\t\n\n\t<section class=\"section\" id=\"section_637528911\">\n\t\t<div class=\"section-bg fill\" >\n\t\t\t\t\t\t\t\t\t\n\t\t\t\n\n\t\t<\/div>\n\n\t\t\t<div class=\"ux-shape-divider ux-shape-divider--top ux-shape-divider--style-waves-opacity-3\">\n\t\t<svg viewBox=\"0 0 1000 300\" xmlns=\"http:\/\/www.w3.org\/2000\/svg\" preserveAspectRatio=\"none\">\n\t<path class=\"ux-shape-fill\" opacity=\"0.05\" d=\"M1014 264V386H206L34 300C34 300 344.42 277.16 436 221C542 156 590 160 704 209C811 255 899.11 214.94 979 346L1014 264Z\"\/>\n\t<path class=\"ux-shape-fill\" opacity=\"0.1\" d=\"M-302 55C-302 55 -66.73 263.25 50 214C178 160 283 116 353 141C445.68 174.1 534.28 256.19 588 249C692.9 235 764.52 75.94 855 131C940.61 183.09 1000 254 1000 254V328L-306 338L-302 55Z\"\/>\n\t<path class=\"ux-shape-fill\" opacity=\"0.15\" d=\"M-286 255C-286 255 -72 152 52 126C176 100 255 155 436 227C581.57 284.91 614.7 277.79 708 227C787 184 1009 3.0001 1093 164C1146 265.63 1031 293 1031 293L924 377L-288 389L-286 255Z\"\/>\n\t<path class=\"ux-shape-fill\" opacity=\"0.3\" d=\"M-24 69C-24 69 275.68 370.66 389 314C397 310 622 316 673 356C690.47 369.7 845 224 890 182C944.8 130.85 1018 92 1078 143C1154.12 207.7 1196 242 1196 242L1184 374L-28 386L-24 69Z\"\/>\n\t<path class=\"ux-shape-fill\" d=\"M-12 201C-12 201 58 284 182 258C306 232 342.29 221.23 456 264C565 305 640.82 288.36 721 249C776 222 837.5 191.31 935 253C984 284 1030 279 1030 279L1024 430L-12 440V201Z\"\/>\n<\/svg>\n\t<\/div>\n\n\t<div class=\"ux-shape-divider ux-shape-divider--bottom ux-shape-divider--style-waves-opacity\">\n\t\t<svg viewBox=\"0 0 1000 300\" xmlns=\"http:\/\/www.w3.org\/2000\/svg\" preserveAspectRatio=\"none\">\n    <path class=\"ux-shape-fill\" d=\"M0 300L-1 69.71C216 57 299.47 198.86 403 226C506 253 577 196 660 197C740 198 790.09 234.07 874 267C935.23 291 982 282.61 1000 277.61V300H0Z\"\/>\n    <path class=\"ux-shape-fill\" opacity=\"0.5\" d=\"M1 265.094L0 50.5C217 37.79 300.47 186.36 404 213.5C507 240.5 578 196.5 661 197.5C741 198.5 787.59 239.57 871.5 272.5C932.73 296.5 980.5 284.5 998.5 279.5V298.5L1 265.094Z\"\/>\n    <path class=\"ux-shape-fill\" opacity=\"0.15\" d=\"M0.999878 244.094L-0.00012207 27C217 14.29 300.47 173.86 404 201C507 228 578 196 661 197C741 198 787.59 243.07 871.5 276C932.73 300 980.5 284.5 998.5 279.5V299L0.999878 244.094Z\"\/>\n<\/svg>\n\n\t<\/div>\n\n\t\t<div class=\"section-content relative\">\n\t\t\t\n<div class=\"row row-large align-middle align-center\"  id=\"row-903288479\">\n\n\t<div id=\"col-1301489012\" class=\"col medium-10 small-12 large-10\"  >\n\t\t\t\t<div class=\"col-inner\"  >\n\t\t\t\n\t\t\t\n\t<div id=\"text-1572869418\" class=\"text\">\n\t\t\n<blockquote class=\"lead text-center mt-4\"><p><span style=\"font-size: 170%;\">&#8222;Belcaire \u2014 Portocale din Spania, programe stabile \u0219i livr\u0103ri fiabile pentru Rom\u00e2nia.&#8221;<\/span><\/p><\/blockquote>\n\t\t\n<style>\n#text-1572869418 {\n  color: rgb(255,255,255);\n}\n#text-1572869418 > * {\n  color: rgb(255,255,255);\n}\n<\/style>\n\t<\/div>\n\t\n\t\t<\/div>\n\t\t\t\t\t<\/div>\n\n\t\n<\/div>\n\t\t<\/div>\n\n\t\t\n<style>\n#section_637528911 {\n  padding-top: 60px;\n  padding-bottom: 60px;\n  background-color: #12754d;\n}\n#section_637528911 .ux-shape-divider--top svg {\n  height: 150px;\n  --divider-top-width: 100%;\n}\n#section_637528911 .ux-shape-divider--bottom svg {\n  height: 150px;\n  --divider-width: 100%;\n}\n<\/style>\n\t<\/section>\n\t\n","protected":false},"excerpt":{"rendered":"","protected":false},"author":1,"featured_media":0,"parent":944,"menu_order":0,"comment_status":"closed","ping_status":"closed","template":"page-transparent-header.php","meta":{"footnotes":""},"class_list":["post-980","page","type-page","status-publish","hentry"],"yoast_head":"<!-- This site is optimized with the Yoast SEO Premium plugin v23.6 (Yoast SEO v27.3) - https:\/\/yoast.com\/product\/yoast-seo-premium-wordpress\/ -->\n<title>Furnizor \u0219i Exportator de Portocale din Spania | Belcaire<\/title>\n<meta name=\"description\" content=\"Belcaire furnizeaz\u0103 portocale din Spania pentru importatori \u0219i supermarketuri din Rom\u00e2nia: portocale en-gros, trasabilitate, calitate constant\u0103 \u0219i logistic\u0103 de export sigur\u0103.\" \/>\n<meta name=\"robots\" content=\"index, follow, max-snippet:-1, max-image-preview:large, max-video-preview:-1\" \/>\n<link rel=\"canonical\" href=\"https:\/\/belcaire.eu\/ro\/products\/citrice\/portocale\/\" \/>\n<meta property=\"og:locale\" content=\"ro_RO\" \/>\n<meta property=\"og:type\" content=\"article\" \/>\n<meta property=\"og:title\" content=\"Portocale\" \/>\n<meta property=\"og:description\" content=\"Portocale :\" \/>\n<meta property=\"og:url\" content=\"https:\/\/belcaire.eu\/ro\/products\/citrice\/portocale\/\" \/>\n<meta property=\"og:site_name\" content=\"Belcaire\" \/>\n<meta property=\"article:modified_time\" content=\"2026-02-28T08:39:53+00:00\" \/>\n<meta property=\"og:image\" content=\"https:\/\/belcaire.eu\/wp-content\/uploads\/2025\/11\/belcaire-Producers-and-Exporters-CitrusFresh-Fruit-and-Vegetables-1.jpg\" \/>\n\t<meta property=\"og:image:width\" content=\"1400\" \/>\n\t<meta property=\"og:image:height\" content=\"800\" \/>\n\t<meta property=\"og:image:type\" content=\"image\/jpeg\" \/>\n<meta name=\"twitter:card\" content=\"summary_large_image\" \/>\n<meta name=\"twitter:label1\" content=\"Timp estimat pentru citire\" \/>\n\t<meta name=\"twitter:data1\" content=\"2 minute\" \/>\n<script type=\"application\/ld+json\" class=\"yoast-schema-graph\">{\"@context\":\"https:\\\/\\\/schema.org\",\"@graph\":[{\"@type\":\"WebPage\",\"@id\":\"https:\\\/\\\/belcaire.eu\\\/ro\\\/products\\\/citrice\\\/portocale\\\/\",\"url\":\"https:\\\/\\\/belcaire.eu\\\/ro\\\/products\\\/citrice\\\/portocale\\\/\",\"name\":\"Furnizor \u0219i Exportator de Portocale din Spania | Belcaire\",\"isPartOf\":{\"@id\":\"https:\\\/\\\/belcaire.eu\\\/ro\\\/#website\"},\"datePublished\":\"2026-02-26T18:46:36+00:00\",\"dateModified\":\"2026-02-28T08:39:53+00:00\",\"description\":\"Belcaire furnizeaz\u0103 portocale din Spania pentru importatori \u0219i supermarketuri din Rom\u00e2nia: portocale en-gros, trasabilitate, calitate constant\u0103 \u0219i logistic\u0103 de export sigur\u0103.\",\"breadcrumb\":{\"@id\":\"https:\\\/\\\/belcaire.eu\\\/ro\\\/products\\\/citrice\\\/portocale\\\/#breadcrumb\"},\"inLanguage\":\"ro-RO\",\"potentialAction\":[{\"@type\":\"ReadAction\",\"target\":[\"https:\\\/\\\/belcaire.eu\\\/ro\\\/products\\\/citrice\\\/portocale\\\/\"]}]},{\"@type\":\"BreadcrumbList\",\"@id\":\"https:\\\/\\\/belcaire.eu\\\/ro\\\/products\\\/citrice\\\/portocale\\\/#breadcrumb\",\"itemListElement\":[{\"@type\":\"ListItem\",\"position\":1,\"name\":\"Portada\",\"item\":\"https:\\\/\\\/belcaire.eu\\\/ro\\\/\"},{\"@type\":\"ListItem\",\"position\":2,\"name\":\"Products\",\"item\":\"https:\\\/\\\/belcaire.eu\\\/ro\\\/products\\\/\"},{\"@type\":\"ListItem\",\"position\":3,\"name\":\"Citrice\",\"item\":\"https:\\\/\\\/belcaire.eu\\\/ro\\\/products\\\/citrice\\\/\"},{\"@type\":\"ListItem\",\"position\":4,\"name\":\"Portocale\"}]},{\"@type\":\"WebSite\",\"@id\":\"https:\\\/\\\/belcaire.eu\\\/ro\\\/#website\",\"url\":\"https:\\\/\\\/belcaire.eu\\\/ro\\\/\",\"name\":\"Belcaire\",\"description\":\"Production, selection, and export of citrus fruit, fresh fruit, and vegetables.\",\"publisher\":{\"@id\":\"https:\\\/\\\/belcaire.eu\\\/ro\\\/#organization\"},\"alternateName\":\"Belcaire Export\",\"potentialAction\":[{\"@type\":\"SearchAction\",\"target\":{\"@type\":\"EntryPoint\",\"urlTemplate\":\"https:\\\/\\\/belcaire.eu\\\/ro\\\/?s={search_term_string}\"},\"query-input\":{\"@type\":\"PropertyValueSpecification\",\"valueRequired\":true,\"valueName\":\"search_term_string\"}}],\"inLanguage\":\"ro-RO\"},{\"@type\":\"Organization\",\"@id\":\"https:\\\/\\\/belcaire.eu\\\/ro\\\/#organization\",\"name\":\"Belcaire\",\"alternateName\":\"Belcaire Export\",\"url\":\"https:\\\/\\\/belcaire.eu\\\/ro\\\/\",\"logo\":{\"@type\":\"ImageObject\",\"inLanguage\":\"ro-RO\",\"@id\":\"https:\\\/\\\/belcaire.eu\\\/ro\\\/#\\\/schema\\\/logo\\\/image\\\/\",\"url\":\"https:\\\/\\\/belcaire.eu\\\/wp-content\\\/uploads\\\/2025\\\/11\\\/logotipo.jpg\",\"contentUrl\":\"https:\\\/\\\/belcaire.eu\\\/wp-content\\\/uploads\\\/2025\\\/11\\\/logotipo.jpg\",\"width\":696,\"height\":696,\"caption\":\"Belcaire\"},\"image\":{\"@id\":\"https:\\\/\\\/belcaire.eu\\\/ro\\\/#\\\/schema\\\/logo\\\/image\\\/\"},\"description\":\"Spanish company specialized in the production, selection, and export of citrus fruit, fresh fruit, and vegetables. With headquarters in the Valencian Community and a subsidiary in Bucharest, Belcaire supplies high-quality produce to international clients all year round.\",\"email\":\"comercial@belcaire.eu\",\"telephone\":\"+34 964 674 681\",\"legalName\":\"Exportaciones Belcaire, S.L.\",\"foundingDate\":\"2002-01-01\",\"vatID\":\"ESB12345678\",\"taxID\":\"ESB12345678\",\"naics\":\"424480\",\"numberOfEmployees\":{\"@type\":\"QuantitativeValue\",\"minValue\":\"11\",\"maxValue\":\"50\"}}]}<\/script>\n<!-- \/ Yoast SEO Premium plugin. -->","yoast_head_json":{"title":"Furnizor \u0219i Exportator de Portocale din Spania | Belcaire","description":"Belcaire furnizeaz\u0103 portocale din Spania pentru importatori \u0219i supermarketuri din Rom\u00e2nia: portocale en-gros, trasabilitate, calitate constant\u0103 \u0219i logistic\u0103 de export sigur\u0103.","robots":{"index":"index","follow":"follow","max-snippet":"max-snippet:-1","max-image-preview":"max-image-preview:large","max-video-preview":"max-video-preview:-1"},"canonical":"https:\/\/belcaire.eu\/ro\/products\/citrice\/portocale\/","og_locale":"ro_RO","og_type":"article","og_title":"Portocale","og_description":"Portocale :","og_url":"https:\/\/belcaire.eu\/ro\/products\/citrice\/portocale\/","og_site_name":"Belcaire","article_modified_time":"2026-02-28T08:39:53+00:00","og_image":[{"width":1400,"height":800,"url":"https:\/\/belcaire.eu\/wp-content\/uploads\/2025\/11\/belcaire-Producers-and-Exporters-CitrusFresh-Fruit-and-Vegetables-1.jpg","type":"image\/jpeg"}],"twitter_card":"summary_large_image","twitter_misc":{"Timp estimat pentru citire":"2 minute"},"schema":{"@context":"https:\/\/schema.org","@graph":[{"@type":"WebPage","@id":"https:\/\/belcaire.eu\/ro\/products\/citrice\/portocale\/","url":"https:\/\/belcaire.eu\/ro\/products\/citrice\/portocale\/","name":"Furnizor \u0219i Exportator de Portocale din Spania | Belcaire","isPartOf":{"@id":"https:\/\/belcaire.eu\/ro\/#website"},"datePublished":"2026-02-26T18:46:36+00:00","dateModified":"2026-02-28T08:39:53+00:00","description":"Belcaire furnizeaz\u0103 portocale din Spania pentru importatori \u0219i supermarketuri din Rom\u00e2nia: portocale en-gros, trasabilitate, calitate constant\u0103 \u0219i logistic\u0103 de export sigur\u0103.","breadcrumb":{"@id":"https:\/\/belcaire.eu\/ro\/products\/citrice\/portocale\/#breadcrumb"},"inLanguage":"ro-RO","potentialAction":[{"@type":"ReadAction","target":["https:\/\/belcaire.eu\/ro\/products\/citrice\/portocale\/"]}]},{"@type":"BreadcrumbList","@id":"https:\/\/belcaire.eu\/ro\/products\/citrice\/portocale\/#breadcrumb","itemListElement":[{"@type":"ListItem","position":1,"name":"Portada","item":"https:\/\/belcaire.eu\/ro\/"},{"@type":"ListItem","position":2,"name":"Products","item":"https:\/\/belcaire.eu\/ro\/products\/"},{"@type":"ListItem","position":3,"name":"Citrice","item":"https:\/\/belcaire.eu\/ro\/products\/citrice\/"},{"@type":"ListItem","position":4,"name":"Portocale"}]},{"@type":"WebSite","@id":"https:\/\/belcaire.eu\/ro\/#website","url":"https:\/\/belcaire.eu\/ro\/","name":"Belcaire","description":"Production, selection, and export of citrus fruit, fresh fruit, and vegetables.","publisher":{"@id":"https:\/\/belcaire.eu\/ro\/#organization"},"alternateName":"Belcaire Export","potentialAction":[{"@type":"SearchAction","target":{"@type":"EntryPoint","urlTemplate":"https:\/\/belcaire.eu\/ro\/?s={search_term_string}"},"query-input":{"@type":"PropertyValueSpecification","valueRequired":true,"valueName":"search_term_string"}}],"inLanguage":"ro-RO"},{"@type":"Organization","@id":"https:\/\/belcaire.eu\/ro\/#organization","name":"Belcaire","alternateName":"Belcaire Export","url":"https:\/\/belcaire.eu\/ro\/","logo":{"@type":"ImageObject","inLanguage":"ro-RO","@id":"https:\/\/belcaire.eu\/ro\/#\/schema\/logo\/image\/","url":"https:\/\/belcaire.eu\/wp-content\/uploads\/2025\/11\/logotipo.jpg","contentUrl":"https:\/\/belcaire.eu\/wp-content\/uploads\/2025\/11\/logotipo.jpg","width":696,"height":696,"caption":"Belcaire"},"image":{"@id":"https:\/\/belcaire.eu\/ro\/#\/schema\/logo\/image\/"},"description":"Spanish company specialized in the production, selection, and export of citrus fruit, fresh fruit, and vegetables. With headquarters in the Valencian Community and a subsidiary in Bucharest, Belcaire supplies high-quality produce to international clients all year round.","email":"comercial@belcaire.eu","telephone":"+34 964 674 681","legalName":"Exportaciones Belcaire, S.L.","foundingDate":"2002-01-01","vatID":"ESB12345678","taxID":"ESB12345678","naics":"424480","numberOfEmployees":{"@type":"QuantitativeValue","minValue":"11","maxValue":"50"}}]}},"_links":{"self":[{"href":"https:\/\/belcaire.eu\/ro\/wp-json\/wp\/v2\/pages\/980","targetHints":{"allow":["GET"]}}],"collection":[{"href":"https:\/\/belcaire.eu\/ro\/wp-json\/wp\/v2\/pages"}],"about":[{"href":"https:\/\/belcaire.eu\/ro\/wp-json\/wp\/v2\/types\/page"}],"author":[{"embeddable":true,"href":"https:\/\/belcaire.eu\/ro\/wp-json\/wp\/v2\/users\/1"}],"replies":[{"embeddable":true,"href":"https:\/\/belcaire.eu\/ro\/wp-json\/wp\/v2\/comments?post=980"}],"version-history":[{"count":2,"href":"https:\/\/belcaire.eu\/ro\/wp-json\/wp\/v2\/pages\/980\/revisions"}],"predecessor-version":[{"id":1034,"href":"https:\/\/belcaire.eu\/ro\/wp-json\/wp\/v2\/pages\/980\/revisions\/1034"}],"up":[{"embeddable":true,"href":"https:\/\/belcaire.eu\/ro\/wp-json\/wp\/v2\/pages\/944"}],"wp:attachment":[{"href":"https:\/\/belcaire.eu\/ro\/wp-json\/wp\/v2\/media?parent=980"}],"curies":[{"name":"wp","href":"https:\/\/api.w.org\/{rel}","templated":true}]}}