{"id":519,"date":"2025-11-07T12:02:55","date_gmt":"2025-11-07T11:02:55","guid":{"rendered":"https:\/\/belcaire.eu\/contact-2\/"},"modified":"2026-02-28T13:07:45","modified_gmt":"2026-02-28T12:07:45","slug":"contact","status":"publish","type":"page","link":"https:\/\/belcaire.eu\/ro\/contact\/","title":{"rendered":"Contact"},"content":{"rendered":"\n  <div class=\"banner has-hover has-parallax\" id=\"banner-1667177445\">\n          <div class=\"banner-inner fill\">\n        <div class=\"banner-bg fill\" data-parallax=\"-3\" data-parallax-container=\".banner\" data-parallax-background>\n            <img loading=\"lazy\" decoding=\"async\" width=\"1020\" height=\"611\" src=\"https:\/\/belcaire.eu\/wp-content\/uploads\/2025\/11\/slider_11-2-1024x613.jpg\" class=\"bg attachment-large size-large\" alt=\"\" \/>                                    \n                    <\/div>\n\t\t\n        <div class=\"banner-layers container\">\n            <div class=\"fill banner-link\"><\/div>            \n   <div id=\"text-box-860951334\" class=\"text-box banner-layer x50 md-x50 lg-x50 y80 md-y80 lg-y80 res-text\">\n                                <div class=\"text-box-content text dark\">\n              \n              <div class=\"text-inner text-center\">\n                  \n<h1 class=\"lead\" style=\"color:#fff;\">Contact<\/h1>\n<p class=\"lead\" style=\"color:#fff;\">\n      S\u0103 vorbim despre produse proaspete, logistic\u0103 \u0219i parteneriate pe termen lung.\n    <\/p>\n              <\/div>\n           <\/div>\n                            \n<style>\n#text-box-860951334 {\n  width: 60%;\n}\n#text-box-860951334 .text-box-content {\n  font-size: 100%;\n}\n<\/style>\n    <\/div>\n \n        <\/div>\n      <\/div>\n\n            \n<style>\n#banner-1667177445 {\n  padding-top: 450px;\n}\n#banner-1667177445 .banner-bg img {\n  object-position: 55% 24%;\n}\n<\/style>\n  <\/div>\n\n\n<div class=\"row\"  id=\"row-1332355786\">\n\n\t<div id=\"col-1481726057\" class=\"col small-12 large-12\"  >\n\t\t\t\t<div class=\"col-inner\"  >\n\t\t\t\n\t\t\t\n<div class=\"container section-title-container\" ><h3 class=\"section-title section-title-center\"><b aria-hidden=\"true\"><\/b><span class=\"section-title-main\" >Contacteaz\u0103 Belcaire<\/span><b aria-hidden=\"true\"><\/b><\/h3><\/div>\n<p class=\"lead text-center\">\n      Pentru aprovizionare, programe de export sau oportunit\u0103\u021bi de parteneriat, po\u021bi contacta sediul nostru central din Spania<br \/>\n      sau biroul din Bucure\u0219ti, care deserve\u0219te pie\u021bele din Europa Central\u0103 \u0219i de Est.\n    <\/p>\n\t\t<\/div>\n\t\t\t\t\t<\/div>\n\n\t\n<\/div>\n\n\t<section class=\"section\" id=\"section_1174843880\">\n\t\t<div class=\"section-bg fill\" >\n\t\t\t\t\t\t\t\t\t\n\t\t\t\n\n\t\t<\/div>\n\n\t\t\n\n\t\t<div class=\"section-content relative\">\n\t\t\t\n<div class=\"row row-small align-equal row-box-shadow-2-hover\"  id=\"row-109705403\">\n<p><!-- SPAIN --><\/p>\n\n\t<div id=\"col-1888570059\" class=\"col medium-6 small-12 large-6\"  >\n\t\t\t\t<div class=\"col-inner\" style=\"background-color:#F6FAF8;\" >\n\t\t\t\n\t\t\t\n<h2 class=\"uppercase\" style=\"margin-bottom:10px;\">Sediu Central \u00b7 Spania (Comunitatea Valencian\u0103)<\/h2>\n<p style=\"margin:0;\">\n  <strong>Exportaciones Belcaire, S.L.<\/strong><br \/>\n  C\/ Dr. Jos\u00e9 Can\u00f3s, 6<br \/>\n  12520 Nules, Castell\u00f3n<br \/>\n  Spania\n<\/p>\n<p style=\"margin:10px 0 0 0;\">\n  Tel: <a href=\"tel:+34964674681\">+34 964 674 681<\/a><br \/>\n  Email: <a href=\"mailto:comercial&#64;belcaire&#46;eu\">comercial&#64;belcaire&#46;eu<\/a>\n<\/p>\n\t\t<\/div>\n\t\t\t\t\t<\/div>\n\n\t\n<p><!-- ROMANIA --><\/p>\n\n\t<div id=\"col-761386625\" class=\"col medium-6 small-12 large-6\"  >\n\t\t\t\t<div class=\"col-inner\" style=\"background-color:#EAF2EF;\" >\n\t\t\t\n\t\t\t\n<h2 class=\"uppercase\" style=\"margin-bottom:10px;\">Birou \u00b7 Rom\u00e2nia (Bucure\u0219ti)<\/h2>\n<p style=\"margin:0;\">\n  <strong>BELCAIRE SRL<\/strong><br \/>\n  Strada Pecineaga, Nr. 10, Bloc 17C, Sc. 1, Et. 2, Ap. 6<br \/>\n  Sector 5, Bucure\u0219ti<br \/>\n  Rom\u00e2nia\n<\/p>\n<p style=\"margin:10px 0 0 0;\">\n  Tel: <a href=\"tel:+40775255491\">+40 775 255 491<\/a><br \/>\n  Email: <a href=\"mailto:belcaireimport&#64;gmail&#46;com\">belcaireimport&#64;gmail&#46;com<\/a>\n<\/p>\n\t\t<\/div>\n\t\t\t\t\t<\/div>\n\n\t\n\n<style>\n#row-109705403 > .col > .col-inner {\n  padding: 25px 20px 25px 20px;\n  border-radius: 5px;\n}\n@media (min-width:850px) {\n  #row-109705403 > .col > .col-inner {\n    padding: 30px 30px 30px 30px;\n  }\n}\n<\/style>\n<\/div>\n\t\t<\/div>\n\n\t\t\n<style>\n#section_1174843880 {\n  padding-top: 40px;\n  padding-bottom: 40px;\n}\n@media (min-width:550px) {\n  #section_1174843880 {\n    padding-top: 60px;\n    padding-bottom: 60px;\n  }\n}\n<\/style>\n\t<\/section>\n\t\n<p><!-- Certific\u0103ri \u0219i standarde (plasate sub datele de contact pentru echilibru UX) --><br \/>\n\n\t<section class=\"section\" id=\"section_405065341\">\n\t\t<div class=\"section-bg fill\" >\n\t\t\t\t\t\t\t\t\t\n\t\t\t\n\n\t\t<\/div>\n\n\t\t\n\n\t\t<div class=\"section-content relative\">\n\t\t\t\n<div class=\"row\"  id=\"row-1530924298\">\n\n\t<div id=\"col-214658042\" class=\"col small-12 large-12\"  >\n\t\t\t\t<div class=\"col-inner text-center\"  >\n\t\t\t\n\t\t\t\n<h2 class=\"uppercase\" style=\"margin-bottom:10px;\">Sisteme de management \u0219i standarde certificate<\/h2>\n<p class=\"lead text-center\" style=\"max-width:980px; margin-left:auto; margin-right:auto; margin-bottom:8px;\">\n  <strong>Exportaciones Belcaire, S.L. (Spania)<\/strong> opereaz\u0103 conform standardelor <strong>GlobalG.A.P.<\/strong> \u0219i <strong>IFS Broker<\/strong>.\n<\/p>\n<p class=\"lead text-center\" style=\"max-width:980px; margin-left:auto; margin-right:auto; margin-bottom:0;\">\n  <strong>BELCAIRE SRL (Rom\u00e2nia)<\/strong> opereaz\u0103 conform sistemelor de management certificate <strong>ISO 9001:2015<\/strong>, <strong>ISO 14001:2015<\/strong> \u0219i <strong>ISO 22000:2018<\/strong>.\n<\/p>\n<p class=\"lead text-center\" style=\"margin-top:10px; margin-bottom:0;\">\n  <a href=\"\/ro\/certificari\/\" style=\"text-decoration:none; color:inherit;\">Vezi certific\u0103rile<\/a>\n<\/p>\n\t\t<\/div>\n\t\t\t\t\t<\/div>\n\n\t\n<\/div>\n\t\t<\/div>\n\n\t\t\n<style>\n#section_405065341 {\n  padding-top: 16px;\n  padding-bottom: 16px;\n}\n@media (min-width:550px) {\n  #section_405065341 {\n    padding-top: 18px;\n    padding-bottom: 18px;\n  }\n}\n<\/style>\n\t<\/section>\n\t\n<p><!-- SEO support block (kept below contact details for mobile UX) --><br \/>\n\n\t<section class=\"section\" id=\"section_608946095\">\n\t\t<div class=\"section-bg fill\" >\n\t\t\t\t\t\t\t\t\t\n\t\t\t\n\n\t\t<\/div>\n\n\t\t\n\n\t\t<div class=\"section-content relative\">\n\t\t\t\n<div class=\"row\"  id=\"row-974626382\">\n\n\t<div id=\"col-1699728572\" class=\"col small-12 large-12\"  >\n\t\t\t\t<div class=\"col-inner text-center\"  >\n\t\t\t\n\t\t\t\n<h2 class=\"uppercase\" style=\"margin-bottom:10px;\">Export \u0219i aprovizionare cu fructe \u0219i legume proaspete<\/h2>\n<p class=\"lead text-center\" style=\"max-width: 980px; margin-left:auto; margin-right:auto;\">\n  La Belcaire colabor\u0103m cu <strong>importatori<\/strong>, <strong>lan\u021buri de supermarketuri<\/strong> \u0219i <strong>distribuitori en-gros<\/strong> din Europa \u0219i alte pie\u021be interna\u021bionale.<br \/>\n  Oferim programe personalizate de <strong>export de citrice<\/strong> \u0219i aprovizionare pe tot parcursul anului cu <strong>fructe proaspete, legume \u0219i produse horticole<\/strong>, asigur\u00e2nd selec\u021bia la origine, trasabilitate complet\u0103 \u0219i calitate constant\u0103.\n<\/p>\n<p class=\"lead text-center\" style=\"max-width: 980px; margin-left:auto; margin-right:auto; margin-top: 10px;\">\n  Dac\u0103 e\u0219ti \u00een c\u0103utarea unui furnizor de \u00eencredere pentru <strong>portocale, mandarine, l\u0103m\u00e2i<\/strong> \u0219i alte categorii de produse proaspete, contacteaz\u0103 echipa noastr\u0103 \u0219i transmite-ne cerin\u021bele tale privind pia\u021ba, formatele de ambalare \u0219i sezonalitatea.\n<\/p>\n\t\t<\/div>\n\t\t\t\t\t<\/div>\n\n\t\n<\/div>\n\t\t<\/div>\n\n\t\t\n<style>\n#section_608946095 {\n  padding-top: 20px;\n  padding-bottom: 20px;\n}\n@media (min-width:550px) {\n  #section_608946095 {\n    padding-top: 25px;\n    padding-bottom: 25px;\n  }\n}\n<\/style>\n\t<\/section>\n\t\n\n\t<section class=\"section\" id=\"section_429392595\">\n\t\t<div class=\"section-bg fill\" >\n\t\t\t\t\t\t\t\t\t\n\t\t\t\n\n\t\t<\/div>\n\n\t\t\t<div class=\"ux-shape-divider ux-shape-divider--top ux-shape-divider--style-waves-opacity-3\">\n\t\t<svg viewBox=\"0 0 1000 300\" xmlns=\"http:\/\/www.w3.org\/2000\/svg\" preserveAspectRatio=\"none\">\n\t<path class=\"ux-shape-fill\" opacity=\"0.05\" d=\"M1014 264V386H206L34 300C34 300 344.42 277.16 436 221C542 156 590 160 704 209C811 255 899.11 214.94 979 346L1014 264Z\"\/>\n\t<path class=\"ux-shape-fill\" opacity=\"0.1\" d=\"M-302 55C-302 55 -66.73 263.25 50 214C178 160 283 116 353 141C445.68 174.1 534.28 256.19 588 249C692.9 235 764.52 75.94 855 131C940.61 183.09 1000 254 1000 254V328L-306 338L-302 55Z\"\/>\n\t<path class=\"ux-shape-fill\" opacity=\"0.15\" d=\"M-286 255C-286 255 -72 152 52 126C176 100 255 155 436 227C581.57 284.91 614.7 277.79 708 227C787 184 1009 3.0001 1093 164C1146 265.63 1031 293 1031 293L924 377L-288 389L-286 255Z\"\/>\n\t<path class=\"ux-shape-fill\" opacity=\"0.3\" d=\"M-24 69C-24 69 275.68 370.66 389 314C397 310 622 316 673 356C690.47 369.7 845 224 890 182C944.8 130.85 1018 92 1078 143C1154.12 207.7 1196 242 1196 242L1184 374L-28 386L-24 69Z\"\/>\n\t<path class=\"ux-shape-fill\" d=\"M-12 201C-12 201 58 284 182 258C306 232 342.29 221.23 456 264C565 305 640.82 288.36 721 249C776 222 837.5 191.31 935 253C984 284 1030 279 1030 279L1024 430L-12 440V201Z\"\/>\n<\/svg>\n\t<\/div>\n\n\t<div class=\"ux-shape-divider ux-shape-divider--bottom ux-shape-divider--style-waves-opacity\">\n\t\t<svg viewBox=\"0 0 1000 300\" xmlns=\"http:\/\/www.w3.org\/2000\/svg\" preserveAspectRatio=\"none\">\n    <path class=\"ux-shape-fill\" d=\"M0 300L-1 69.71C216 57 299.47 198.86 403 226C506 253 577 196 660 197C740 198 790.09 234.07 874 267C935.23 291 982 282.61 1000 277.61V300H0Z\"\/>\n    <path class=\"ux-shape-fill\" opacity=\"0.5\" d=\"M1 265.094L0 50.5C217 37.79 300.47 186.36 404 213.5C507 240.5 578 196.5 661 197.5C741 198.5 787.59 239.57 871.5 272.5C932.73 296.5 980.5 284.5 998.5 279.5V298.5L1 265.094Z\"\/>\n    <path class=\"ux-shape-fill\" opacity=\"0.15\" d=\"M0.999878 244.094L-0.00012207 27C217 14.29 300.47 173.86 404 201C507 228 578 196 661 197C741 198 787.59 243.07 871.5 276C932.73 300 980.5 284.5 998.5 279.5V299L0.999878 244.094Z\"\/>\n<\/svg>\n\n\t<\/div>\n\n\t\t<div class=\"section-content relative\">\n\t\t\t\n<div class=\"row row-large align-middle align-center\"  id=\"row-1151501094\">\n\n\t<div id=\"col-1353164148\" class=\"col medium-10 small-12 large-10\"  >\n\t\t\t\t<div class=\"col-inner\"  >\n\t\t\t\n\t\t\t\n\t<div id=\"text-3645768771\" class=\"text\">\n\t\t\n<blockquote class=\"lead text-center mt-4\"><p>\n          <span style=\"font-size:140%;\">&#8222;Belcaire \u2014 Comunicare direct\u0103, angajamente clare \u0219i aprovizionare sigur\u0103 pentru fiecare client.&#8221;<\/span>\n        <\/p><\/blockquote>\n\t\t\n<style>\n#text-3645768771 {\n  color: rgb(255,255,255);\n}\n#text-3645768771 > * {\n  color: rgb(255,255,255);\n}\n<\/style>\n\t<\/div>\n\t\n\t\t<\/div>\n\t\t\t\t\t<\/div>\n\n\t\n<\/div>\n\t\t<\/div>\n\n\t\t\n<style>\n#section_429392595 {\n  padding-top: 50px;\n  padding-bottom: 50px;\n  background-color: #12754d;\n}\n#section_429392595 .ux-shape-divider--top svg {\n  height: 150px;\n  --divider-top-width: 100%;\n}\n#section_429392595 .ux-shape-divider--bottom svg {\n  height: 150px;\n  --divider-width: 100%;\n}\n<\/style>\n\t<\/section>\n\t\n<p><!-- Email obfuscation script --><br \/>\n<script>\n(function() {\n  var user = 'comercial';\n  var domain = 'belcaire.eu';\n  var email = user + '@' + domain;\n  var link = 'mailto:' + email;<\/p>\n<p>  var ids = ['belcaire-email-es', 'belcaire-email-ro'];\n  ids.forEach(function(id) {\n    var el = document.getElementById(id);\n    if (el) {\n      el.innerHTML = '<a href=\"' + link + '\">' + email + '<\/a>';\n    }\n  });\n})();\n<\/script><\/p>\n","protected":false},"excerpt":{"rendered":"","protected":false},"author":1,"featured_media":786,"parent":0,"menu_order":0,"comment_status":"closed","ping_status":"closed","template":"page-transparent-header-light.php","meta":{"footnotes":""},"class_list":["post-519","page","type-page","status-publish","has-post-thumbnail","hentry"],"yoast_head":"<!-- This site is optimized with the Yoast SEO Premium plugin v23.6 (Yoast SEO v27.3) - https:\/\/yoast.com\/product\/yoast-seo-premium-wordpress\/ -->\n<title>Contact \u0219i Sediile Noastre | Belcaire \u2013 Spania \u0219i Rom\u00e2nia<\/title>\n<meta name=\"description\" content=\"Contacta\u021bi Belcaire pentru programe de export \u0219i colabor\u0103ri. Sediile noastre se afl\u0103 \u00een Nules (Spania) \u0219i Bucure\u0219ti (Rom\u00e2nia).\" \/>\n<meta name=\"robots\" content=\"index, follow, max-snippet:-1, max-image-preview:large, max-video-preview:-1\" \/>\n<link rel=\"canonical\" href=\"https:\/\/belcaire.eu\/ro\/contact\/\" \/>\n<meta property=\"og:locale\" content=\"ro_RO\" \/>\n<meta property=\"og:type\" content=\"article\" \/>\n<meta property=\"og:title\" content=\"Contact\" \/>\n<meta property=\"og:description\" content=\"Contact :\" \/>\n<meta property=\"og:url\" content=\"https:\/\/belcaire.eu\/ro\/contact\/\" \/>\n<meta property=\"og:site_name\" content=\"Belcaire\" \/>\n<meta property=\"article:modified_time\" content=\"2026-02-28T12:07:45+00:00\" \/>\n<meta property=\"og:image\" content=\"https:\/\/belcaire.eu\/wp-content\/uploads\/2025\/11\/logotipo.jpg\" \/>\n\t<meta property=\"og:image:width\" content=\"696\" \/>\n\t<meta property=\"og:image:height\" content=\"696\" \/>\n\t<meta property=\"og:image:type\" content=\"image\/jpeg\" \/>\n<meta name=\"twitter:card\" content=\"summary_large_image\" \/>\n<meta name=\"twitter:label1\" content=\"Timp estimat pentru citire\" \/>\n\t<meta name=\"twitter:data1\" content=\"2 minute\" \/>\n<script type=\"application\/ld+json\" class=\"yoast-schema-graph\">{\"@context\":\"https:\\\/\\\/schema.org\",\"@graph\":[{\"@type\":\"WebPage\",\"@id\":\"https:\\\/\\\/belcaire.eu\\\/ro\\\/contact\\\/\",\"url\":\"https:\\\/\\\/belcaire.eu\\\/ro\\\/contact\\\/\",\"name\":\"Contact \u0219i Sediile Noastre | Belcaire \u2013 Spania \u0219i Rom\u00e2nia\",\"isPartOf\":{\"@id\":\"https:\\\/\\\/belcaire.eu\\\/ro\\\/#website\"},\"primaryImageOfPage\":{\"@id\":\"https:\\\/\\\/belcaire.eu\\\/ro\\\/contact\\\/#primaryimage\"},\"image\":{\"@id\":\"https:\\\/\\\/belcaire.eu\\\/ro\\\/contact\\\/#primaryimage\"},\"thumbnailUrl\":\"https:\\\/\\\/belcaire.eu\\\/wp-content\\\/uploads\\\/2025\\\/11\\\/logotipo.jpg\",\"datePublished\":\"2025-11-07T11:02:55+00:00\",\"dateModified\":\"2026-02-28T12:07:45+00:00\",\"description\":\"Contacta\u021bi Belcaire pentru programe de export \u0219i colabor\u0103ri. Sediile noastre se afl\u0103 \u00een Nules (Spania) \u0219i Bucure\u0219ti (Rom\u00e2nia).\",\"breadcrumb\":{\"@id\":\"https:\\\/\\\/belcaire.eu\\\/ro\\\/contact\\\/#breadcrumb\"},\"inLanguage\":\"ro-RO\",\"potentialAction\":[{\"@type\":\"ReadAction\",\"target\":[\"https:\\\/\\\/belcaire.eu\\\/ro\\\/contact\\\/\"]}]},{\"@type\":\"ImageObject\",\"inLanguage\":\"ro-RO\",\"@id\":\"https:\\\/\\\/belcaire.eu\\\/ro\\\/contact\\\/#primaryimage\",\"url\":\"https:\\\/\\\/belcaire.eu\\\/wp-content\\\/uploads\\\/2025\\\/11\\\/logotipo.jpg\",\"contentUrl\":\"https:\\\/\\\/belcaire.eu\\\/wp-content\\\/uploads\\\/2025\\\/11\\\/logotipo.jpg\",\"width\":696,\"height\":696,\"caption\":\"belcaire\"},{\"@type\":\"BreadcrumbList\",\"@id\":\"https:\\\/\\\/belcaire.eu\\\/ro\\\/contact\\\/#breadcrumb\",\"itemListElement\":[{\"@type\":\"ListItem\",\"position\":1,\"name\":\"Portada\",\"item\":\"https:\\\/\\\/belcaire.eu\\\/ro\\\/\"},{\"@type\":\"ListItem\",\"position\":2,\"name\":\"Contact\"}]},{\"@type\":\"WebSite\",\"@id\":\"https:\\\/\\\/belcaire.eu\\\/ro\\\/#website\",\"url\":\"https:\\\/\\\/belcaire.eu\\\/ro\\\/\",\"name\":\"Belcaire\",\"description\":\"Production, selection, and export of citrus fruit, fresh fruit, and vegetables.\",\"publisher\":{\"@id\":\"https:\\\/\\\/belcaire.eu\\\/ro\\\/#organization\"},\"alternateName\":\"Belcaire Export\",\"potentialAction\":[{\"@type\":\"SearchAction\",\"target\":{\"@type\":\"EntryPoint\",\"urlTemplate\":\"https:\\\/\\\/belcaire.eu\\\/ro\\\/?s={search_term_string}\"},\"query-input\":{\"@type\":\"PropertyValueSpecification\",\"valueRequired\":true,\"valueName\":\"search_term_string\"}}],\"inLanguage\":\"ro-RO\"},{\"@type\":\"Organization\",\"@id\":\"https:\\\/\\\/belcaire.eu\\\/ro\\\/#organization\",\"name\":\"Belcaire\",\"alternateName\":\"Belcaire Export\",\"url\":\"https:\\\/\\\/belcaire.eu\\\/ro\\\/\",\"logo\":{\"@type\":\"ImageObject\",\"inLanguage\":\"ro-RO\",\"@id\":\"https:\\\/\\\/belcaire.eu\\\/ro\\\/#\\\/schema\\\/logo\\\/image\\\/\",\"url\":\"https:\\\/\\\/belcaire.eu\\\/wp-content\\\/uploads\\\/2025\\\/11\\\/logotipo.jpg\",\"contentUrl\":\"https:\\\/\\\/belcaire.eu\\\/wp-content\\\/uploads\\\/2025\\\/11\\\/logotipo.jpg\",\"width\":696,\"height\":696,\"caption\":\"Belcaire\"},\"image\":{\"@id\":\"https:\\\/\\\/belcaire.eu\\\/ro\\\/#\\\/schema\\\/logo\\\/image\\\/\"},\"description\":\"Spanish company specialized in the production, selection, and export of citrus fruit, fresh fruit, and vegetables. With headquarters in the Valencian Community and a subsidiary in Bucharest, Belcaire supplies high-quality produce to international clients all year round.\",\"email\":\"comercial@belcaire.eu\",\"telephone\":\"+34 964 674 681\",\"legalName\":\"Exportaciones Belcaire, S.L.\",\"foundingDate\":\"2002-01-01\",\"vatID\":\"ESB12345678\",\"taxID\":\"ESB12345678\",\"naics\":\"424480\",\"numberOfEmployees\":{\"@type\":\"QuantitativeValue\",\"minValue\":\"11\",\"maxValue\":\"50\"}}]}<\/script>\n<!-- \/ Yoast SEO Premium plugin. -->","yoast_head_json":{"title":"Contact \u0219i Sediile Noastre | Belcaire \u2013 Spania \u0219i Rom\u00e2nia","description":"Contacta\u021bi Belcaire pentru programe de export \u0219i colabor\u0103ri. Sediile noastre se afl\u0103 \u00een Nules (Spania) \u0219i Bucure\u0219ti (Rom\u00e2nia).","robots":{"index":"index","follow":"follow","max-snippet":"max-snippet:-1","max-image-preview":"max-image-preview:large","max-video-preview":"max-video-preview:-1"},"canonical":"https:\/\/belcaire.eu\/ro\/contact\/","og_locale":"ro_RO","og_type":"article","og_title":"Contact","og_description":"Contact :","og_url":"https:\/\/belcaire.eu\/ro\/contact\/","og_site_name":"Belcaire","article_modified_time":"2026-02-28T12:07:45+00:00","og_image":[{"width":696,"height":696,"url":"https:\/\/belcaire.eu\/wp-content\/uploads\/2025\/11\/logotipo.jpg","type":"image\/jpeg"}],"twitter_card":"summary_large_image","twitter_misc":{"Timp estimat pentru citire":"2 minute"},"schema":{"@context":"https:\/\/schema.org","@graph":[{"@type":"WebPage","@id":"https:\/\/belcaire.eu\/ro\/contact\/","url":"https:\/\/belcaire.eu\/ro\/contact\/","name":"Contact \u0219i Sediile Noastre | Belcaire \u2013 Spania \u0219i Rom\u00e2nia","isPartOf":{"@id":"https:\/\/belcaire.eu\/ro\/#website"},"primaryImageOfPage":{"@id":"https:\/\/belcaire.eu\/ro\/contact\/#primaryimage"},"image":{"@id":"https:\/\/belcaire.eu\/ro\/contact\/#primaryimage"},"thumbnailUrl":"https:\/\/belcaire.eu\/wp-content\/uploads\/2025\/11\/logotipo.jpg","datePublished":"2025-11-07T11:02:55+00:00","dateModified":"2026-02-28T12:07:45+00:00","description":"Contacta\u021bi Belcaire pentru programe de export \u0219i colabor\u0103ri. Sediile noastre se afl\u0103 \u00een Nules (Spania) \u0219i Bucure\u0219ti (Rom\u00e2nia).","breadcrumb":{"@id":"https:\/\/belcaire.eu\/ro\/contact\/#breadcrumb"},"inLanguage":"ro-RO","potentialAction":[{"@type":"ReadAction","target":["https:\/\/belcaire.eu\/ro\/contact\/"]}]},{"@type":"ImageObject","inLanguage":"ro-RO","@id":"https:\/\/belcaire.eu\/ro\/contact\/#primaryimage","url":"https:\/\/belcaire.eu\/wp-content\/uploads\/2025\/11\/logotipo.jpg","contentUrl":"https:\/\/belcaire.eu\/wp-content\/uploads\/2025\/11\/logotipo.jpg","width":696,"height":696,"caption":"belcaire"},{"@type":"BreadcrumbList","@id":"https:\/\/belcaire.eu\/ro\/contact\/#breadcrumb","itemListElement":[{"@type":"ListItem","position":1,"name":"Portada","item":"https:\/\/belcaire.eu\/ro\/"},{"@type":"ListItem","position":2,"name":"Contact"}]},{"@type":"WebSite","@id":"https:\/\/belcaire.eu\/ro\/#website","url":"https:\/\/belcaire.eu\/ro\/","name":"Belcaire","description":"Production, selection, and export of citrus fruit, fresh fruit, and vegetables.","publisher":{"@id":"https:\/\/belcaire.eu\/ro\/#organization"},"alternateName":"Belcaire Export","potentialAction":[{"@type":"SearchAction","target":{"@type":"EntryPoint","urlTemplate":"https:\/\/belcaire.eu\/ro\/?s={search_term_string}"},"query-input":{"@type":"PropertyValueSpecification","valueRequired":true,"valueName":"search_term_string"}}],"inLanguage":"ro-RO"},{"@type":"Organization","@id":"https:\/\/belcaire.eu\/ro\/#organization","name":"Belcaire","alternateName":"Belcaire Export","url":"https:\/\/belcaire.eu\/ro\/","logo":{"@type":"ImageObject","inLanguage":"ro-RO","@id":"https:\/\/belcaire.eu\/ro\/#\/schema\/logo\/image\/","url":"https:\/\/belcaire.eu\/wp-content\/uploads\/2025\/11\/logotipo.jpg","contentUrl":"https:\/\/belcaire.eu\/wp-content\/uploads\/2025\/11\/logotipo.jpg","width":696,"height":696,"caption":"Belcaire"},"image":{"@id":"https:\/\/belcaire.eu\/ro\/#\/schema\/logo\/image\/"},"description":"Spanish company specialized in the production, selection, and export of citrus fruit, fresh fruit, and vegetables. With headquarters in the Valencian Community and a subsidiary in Bucharest, Belcaire supplies high-quality produce to international clients all year round.","email":"comercial@belcaire.eu","telephone":"+34 964 674 681","legalName":"Exportaciones Belcaire, S.L.","foundingDate":"2002-01-01","vatID":"ESB12345678","taxID":"ESB12345678","naics":"424480","numberOfEmployees":{"@type":"QuantitativeValue","minValue":"11","maxValue":"50"}}]}},"_links":{"self":[{"href":"https:\/\/belcaire.eu\/ro\/wp-json\/wp\/v2\/pages\/519","targetHints":{"allow":["GET"]}}],"collection":[{"href":"https:\/\/belcaire.eu\/ro\/wp-json\/wp\/v2\/pages"}],"about":[{"href":"https:\/\/belcaire.eu\/ro\/wp-json\/wp\/v2\/types\/page"}],"author":[{"embeddable":true,"href":"https:\/\/belcaire.eu\/ro\/wp-json\/wp\/v2\/users\/1"}],"replies":[{"embeddable":true,"href":"https:\/\/belcaire.eu\/ro\/wp-json\/wp\/v2\/comments?post=519"}],"version-history":[{"count":22,"href":"https:\/\/belcaire.eu\/ro\/wp-json\/wp\/v2\/pages\/519\/revisions"}],"predecessor-version":[{"id":1119,"href":"https:\/\/belcaire.eu\/ro\/wp-json\/wp\/v2\/pages\/519\/revisions\/1119"}],"wp:featuredmedia":[{"embeddable":true,"href":"https:\/\/belcaire.eu\/ro\/wp-json\/wp\/v2\/media\/786"}],"wp:attachment":[{"href":"https:\/\/belcaire.eu\/ro\/wp-json\/wp\/v2\/media?parent=519"}],"curies":[{"name":"wp","href":"https:\/\/api.w.org\/{rel}","templated":true}]}}