{"id":474,"date":"2025-11-07T12:03:57","date_gmt":"2025-11-07T11:03:57","guid":{"rendered":"https:\/\/belcaire.eu\/?page_id=474"},"modified":"2026-02-26T20:45:45","modified_gmt":"2026-02-26T19:45:45","slug":"products","status":"publish","type":"page","link":"https:\/\/belcaire.eu\/ro\/products\/","title":{"rendered":"Products"},"content":{"rendered":"\n  <div class=\"banner has-hover has-parallax\" id=\"banner-777269850\">\n          <div class=\"banner-inner fill\">\n        <div class=\"banner-bg fill\" data-parallax=\"-3\" data-parallax-container=\".banner\" data-parallax-background>\n            <img loading=\"lazy\" decoding=\"async\" width=\"1020\" height=\"583\" src=\"https:\/\/belcaire.eu\/wp-content\/uploads\/2025\/11\/productos-slider.jpg\" class=\"bg attachment-large size-large\" alt=\"\" \/>                        <div class=\"overlay\"><\/div>            \n                    <\/div>\n\t\t\n        <div class=\"banner-layers container\">\n            <div class=\"fill banner-link\"><\/div>            \n   <div id=\"text-box-1094986788\" class=\"text-box banner-layer x50 md-x50 lg-x50 y80 md-y80 lg-y80 res-text\">\n                                <div class=\"text-box-content text dark\">\n              \n              <div class=\"text-inner text-center\">\n                  \n<h1 class=\"lead\" style=\"color:#fff;\">Produsele noastre<\/h1>\n<p class=\"lead\" style=\"color:#fff;\">Produse proaspete selectate la origine \u0219i livrate pe tot parcursul anului.<\/p>\n              <\/div>\n           <\/div>\n                            \n<style>\n#text-box-1094986788 {\n  width: 60%;\n}\n#text-box-1094986788 .text-box-content {\n  font-size: 100%;\n}\n<\/style>\n    <\/div>\n \n        <\/div>\n      <\/div>\n\n            \n<style>\n#banner-777269850 {\n  padding-top: 507px;\n}\n#banner-777269850 .overlay {\n  background-color: rgba(0,0,0,0.45);\n}\n#banner-777269850 .banner-bg img {\n  object-position: 79% 47%;\n}\n<\/style>\n  <\/div>\n\n\n<div class=\"row\"  id=\"row-115887874\">\n\n\t<div id=\"col-2013269552\" class=\"col small-12 large-12\"  >\n\t\t\t\t<div class=\"col-inner\"  >\n\t\t\t\n\t\t\t\n<div class=\"container section-title-container\" ><h3 class=\"section-title section-title-center\"><b aria-hidden=\"true\"><\/b><span class=\"section-title-main\" >Prospe\u021bime, calitate \u0219i varietate<\/span><b aria-hidden=\"true\"><\/b><\/h3><\/div>\n<p class=\"lead text-center\">\n      Belcaire ofer\u0103 o gam\u0103 larg\u0103 de citrice, fructe proaspete, fructe exotice \u0219i legume.<br \/>\n      Toate produsele noastre sunt selectate cu aten\u021bie la origine, asigur\u00e2nd prospe\u021bime, trasabilitate \u0219i respectarea celor mai \u00eenalte standarde europene.<br \/>\n      Datorit\u0103 re\u021belei noastre multi-origine, garant\u0103m aprovizionare pe tot parcursul anului \u0219i calitate constant\u0103 pentru fiecare client.\n    <\/p>\n\t\t<\/div>\n\t\t\t\t\t<\/div>\n\n\t\n<\/div>\n\n\t<section class=\"section\" id=\"section_19821641\">\n\t\t<div class=\"section-bg fill\" >\n\t\t\t\t\t\t\t\t\t\n\t\t\t\n\n\t\t<\/div>\n\n\t\t\n\n\t\t<div class=\"section-content relative\">\n\t\t\t\n<div class=\"row row-small align-equal row-box-shadow-3-hover\"  id=\"row-1394346615\">\n<p><!-- CITRICE --><\/p>\n\n\t<div id=\"col-356646004\" class=\"col medium-3 small-12 large-3\"  >\n\t\t\t\t<div class=\"col-inner\" style=\"background-color:#EAF2EF;\" >\n\t\t\t\n\t\t\t\n\n\t\t<div class=\"icon-box featured-box icon-box-center text-center is-small\"  >\n\t\t\t\t\t<div class=\"icon-box-img\" style=\"width: 150px\">\n\t\t\t\t<div class=\"icon\">\n\t\t\t\t\t<div class=\"icon-inner\" >\n\t\t\t\t\t\t<img loading=\"lazy\" decoding=\"async\" width=\"400\" height=\"400\" src=\"https:\/\/belcaire.eu\/wp-content\/uploads\/2025\/11\/citrice-400x400.png\" class=\"attachment-medium size-medium\" alt=\"\" srcset=\"https:\/\/belcaire.eu\/wp-content\/uploads\/2025\/11\/citrice-400x400.png 400w, https:\/\/belcaire.eu\/wp-content\/uploads\/2025\/11\/citrice-280x280.png 280w, https:\/\/belcaire.eu\/wp-content\/uploads\/2025\/11\/citrice.png 500w\" sizes=\"auto, (max-width: 400px) 100vw, 400px\" \/>\t\t\t\t\t<\/div>\n\t\t\t\t<\/div>\n\t\t\t<\/div>\n\t\t\t\t<div class=\"icon-box-text last-reset\">\n\t\t\t\t\t\t\t\t\t\n\t<div id=\"text-461988049\" class=\"text\">\n\t\t\n<h2 class=\"uppercase\" style=\"margin-bottom:10px;\">\n  <a href=\"\/ro\/products\/citrice\/\" style=\"text-decoration:none; color:inherit;\">Citrice<\/a><br \/>\n<\/h2>\n<ul style=\"list-style:none; padding:0; margin:0;\">\n<li><a href=\"\/ro\/products\/citrice\/portocale\/\" style=\"text-decoration:none; color:inherit;\">Portocale<\/a><\/li>\n<li><a href=\"\/ro\/products\/citrice\/lamai\/\" style=\"text-decoration:none; color:inherit;\">L\u0103m\u00e2i<\/a><\/li>\n<li><a href=\"\/ro\/products\/citrice\/mandarine\/\" style=\"text-decoration:none; color:inherit;\">Mandarine<\/a><\/li>\n<li><a href=\"\/ro\/products\/citrice\/grepfrut\/\" style=\"text-decoration:none; color:inherit;\">Grepfrut<\/a><\/li>\n<\/ul>\n\t\t\n<style>\n#text-461988049 {\n  font-size: 1rem;\n}\n@media (min-width:850px) {\n  #text-461988049 {\n    font-size: 1.1rem;\n  }\n}\n<\/style>\n\t<\/div>\n\t\n\t\t<\/div>\n\t<\/div>\n\t\n\t\n\t\t<\/div>\n\t\t\t\t\t<\/div>\n\n\t\n<p><!-- FRUCTE PROASPETE --><\/p>\n\n\t<div id=\"col-1281249052\" class=\"col medium-3 small-12 large-3\"  >\n\t\t\t\t<div class=\"col-inner\" style=\"background-color:#F6FAF8;\" >\n\t\t\t\n\t\t\t\n\n\t\t<div class=\"icon-box featured-box icon-box-center text-center\"  >\n\t\t\t\t\t<div class=\"icon-box-img\" style=\"width: 150px\">\n\t\t\t\t<div class=\"icon\">\n\t\t\t\t\t<div class=\"icon-inner\" >\n\t\t\t\t\t\t<img loading=\"lazy\" decoding=\"async\" width=\"400\" height=\"400\" src=\"https:\/\/belcaire.eu\/wp-content\/uploads\/2025\/11\/fructe-400x400.png\" class=\"attachment-medium size-medium\" alt=\"\" srcset=\"https:\/\/belcaire.eu\/wp-content\/uploads\/2025\/11\/fructe-400x400.png 400w, https:\/\/belcaire.eu\/wp-content\/uploads\/2025\/11\/fructe-280x280.png 280w, https:\/\/belcaire.eu\/wp-content\/uploads\/2025\/11\/fructe.png 500w\" sizes=\"auto, (max-width: 400px) 100vw, 400px\" \/>\t\t\t\t\t<\/div>\n\t\t\t\t<\/div>\n\t\t\t<\/div>\n\t\t\t\t<div class=\"icon-box-text last-reset\">\n\t\t\t\t\t\t\t\t\t\n\t<div id=\"text-439728048\" class=\"text\">\n\t\t\n<h2 class=\"uppercase\" style=\"margin-bottom:10px;\">\n  <a href=\"\/ro\/products\/fructe-proaspete\/\" style=\"text-decoration:none; color:inherit;\">Fructe proaspete<\/a><br \/>\n<\/h2>\n<ul style=\"list-style:none; padding:0; margin:0;\">\n<li>Piersici<\/li>\n<li>Nectarine<\/li>\n<li>Pere<\/li>\n<li>Pepeni<\/li>\n<li>Pepeni verzi<\/li>\n<li>Caise<\/li>\n<li>Prune<\/li>\n<li>Kaki<\/li>\n<\/ul>\n\t\t\n<style>\n#text-439728048 {\n  font-size: 1rem;\n}\n@media (min-width:850px) {\n  #text-439728048 {\n    font-size: 1.1rem;\n  }\n}\n<\/style>\n\t<\/div>\n\t\n\t\t<\/div>\n\t<\/div>\n\t\n\t\n\t\t<\/div>\n\t\t\t\t\t<\/div>\n\n\t\n<p><!-- FRUCTE EXOTICE --><\/p>\n\n\t<div id=\"col-49453053\" class=\"col medium-3 small-12 large-3\"  >\n\t\t\t\t<div class=\"col-inner\" style=\"background-color:#D8E6DF;\" >\n\t\t\t\n\t\t\t\n\n\t\t<div class=\"icon-box featured-box icon-box-center text-center\"  >\n\t\t\t\t\t<div class=\"icon-box-img\" style=\"width: 150px\">\n\t\t\t\t<div class=\"icon\">\n\t\t\t\t\t<div class=\"icon-inner\" >\n\t\t\t\t\t\t<img loading=\"lazy\" decoding=\"async\" width=\"400\" height=\"400\" src=\"https:\/\/belcaire.eu\/wp-content\/uploads\/2025\/11\/fructe-exotice-400x400.png\" class=\"attachment-medium size-medium\" alt=\"\" srcset=\"https:\/\/belcaire.eu\/wp-content\/uploads\/2025\/11\/fructe-exotice-400x400.png 400w, https:\/\/belcaire.eu\/wp-content\/uploads\/2025\/11\/fructe-exotice-280x280.png 280w, https:\/\/belcaire.eu\/wp-content\/uploads\/2025\/11\/fructe-exotice.png 500w\" sizes=\"auto, (max-width: 400px) 100vw, 400px\" \/>\t\t\t\t\t<\/div>\n\t\t\t\t<\/div>\n\t\t\t<\/div>\n\t\t\t\t<div class=\"icon-box-text last-reset\">\n\t\t\t\t\t\t\t\t\t\n\t<div id=\"text-1738210432\" class=\"text\">\n\t\t\n<h2 class=\"uppercase\" style=\"margin-bottom:10px;\">Fructe exotice<\/h2>\n<ul style=\"list-style:none; padding:0; margin:0;\">\n<li>Avocado<\/li>\n<li>Mango<\/li>\n<li>Rodii<\/li>\n<li>Papaya<\/li>\n<li>Pitahaya<\/li>\n<li>Smochine<\/li>\n<li>Kiwi<\/li>\n<\/ul>\n\t\t\n<style>\n#text-1738210432 {\n  font-size: 1rem;\n}\n@media (min-width:850px) {\n  #text-1738210432 {\n    font-size: 1.1rem;\n  }\n}\n<\/style>\n\t<\/div>\n\t\n\t\t<\/div>\n\t<\/div>\n\t\n\t\n\t\t<\/div>\n\t\t\t\t\t<\/div>\n\n\t\n<p><!-- LEGUME --><\/p>\n\n\t<div id=\"col-192077973\" class=\"col medium-3 small-12 large-3\"  >\n\t\t\t\t<div class=\"col-inner\" style=\"background-color:#F0F7F4;\" >\n\t\t\t\n\t\t\t\n\n\t\t<div class=\"icon-box featured-box icon-box-center text-center\"  >\n\t\t\t\t\t<div class=\"icon-box-img\" style=\"width: 150px\">\n\t\t\t\t<div class=\"icon\">\n\t\t\t\t\t<div class=\"icon-inner\" >\n\t\t\t\t\t\t<img loading=\"lazy\" decoding=\"async\" width=\"400\" height=\"400\" src=\"https:\/\/belcaire.eu\/wp-content\/uploads\/2025\/11\/legume-400x400.png\" class=\"attachment-medium size-medium\" alt=\"\" srcset=\"https:\/\/belcaire.eu\/wp-content\/uploads\/2025\/11\/legume-400x400.png 400w, https:\/\/belcaire.eu\/wp-content\/uploads\/2025\/11\/legume-280x280.png 280w, https:\/\/belcaire.eu\/wp-content\/uploads\/2025\/11\/legume.png 500w\" sizes=\"auto, (max-width: 400px) 100vw, 400px\" \/>\t\t\t\t\t<\/div>\n\t\t\t\t<\/div>\n\t\t\t<\/div>\n\t\t\t\t<div class=\"icon-box-text last-reset\">\n\t\t\t\t\t\t\t\t\t\n\t<div id=\"text-91671448\" class=\"text\">\n\t\t\n<h2 class=\"uppercase\" style=\"margin-bottom:10px;\">\n  <a href=\"\/ro\/products\/legume\/\" style=\"text-decoration:none; color:inherit;\">Legume<\/a><br \/>\n<\/h2>\n<ul style=\"list-style:none; padding:0; margin:0;\">\n<li>Ro\u0219ii<\/li>\n<li>Ardei<\/li>\n<li>Castrave\u021bi<\/li>\n<li>Broccoli<\/li>\n<li>Vinete<\/li>\n<li>Salat\u0103<\/li>\n<li>Ceap\u0103<\/li>\n<li>Cartofi<\/li>\n<li>Usturoi<\/li>\n<\/ul>\n\t\t\n<style>\n#text-91671448 {\n  font-size: 1rem;\n}\n@media (min-width:850px) {\n  #text-91671448 {\n    font-size: 1.1rem;\n  }\n}\n<\/style>\n\t<\/div>\n\t\n\t\t<\/div>\n\t<\/div>\n\t\n\t\n\t\t<\/div>\n\t\t\t\t\t<\/div>\n\n\t\n\n<style>\n#row-1394346615 > .col > .col-inner {\n  padding: 30px 20px 30px 20px;\n  border-radius: 5px;\n}\n@media (min-width:850px) {\n  #row-1394346615 > .col > .col-inner {\n    padding: 40px 30px 40px 30px;\n  }\n}\n<\/style>\n<\/div>\n\t\t<\/div>\n\n\t\t\n<style>\n#section_19821641 {\n  padding-top: 40px;\n  padding-bottom: 40px;\n}\n@media (min-width:550px) {\n  #section_19821641 {\n    padding-top: 70px;\n    padding-bottom: 70px;\n  }\n}\n<\/style>\n\t<\/section>\n\t\n\n\t<section class=\"section\" id=\"section_392787084\">\n\t\t<div class=\"section-bg fill\" >\n\t\t\t\t\t\t\t\t\t\n\t\t\t\n\n\t\t<\/div>\n\n\t\t\t<div class=\"ux-shape-divider ux-shape-divider--top ux-shape-divider--style-waves-opacity-3\">\n\t\t<svg viewBox=\"0 0 1000 300\" xmlns=\"http:\/\/www.w3.org\/2000\/svg\" preserveAspectRatio=\"none\">\n\t<path class=\"ux-shape-fill\" opacity=\"0.05\" d=\"M1014 264V386H206L34 300C34 300 344.42 277.16 436 221C542 156 590 160 704 209C811 255 899.11 214.94 979 346L1014 264Z\"\/>\n\t<path class=\"ux-shape-fill\" opacity=\"0.1\" d=\"M-302 55C-302 55 -66.73 263.25 50 214C178 160 283 116 353 141C445.68 174.1 534.28 256.19 588 249C692.9 235 764.52 75.94 855 131C940.61 183.09 1000 254 1000 254V328L-306 338L-302 55Z\"\/>\n\t<path class=\"ux-shape-fill\" opacity=\"0.15\" d=\"M-286 255C-286 255 -72 152 52 126C176 100 255 155 436 227C581.57 284.91 614.7 277.79 708 227C787 184 1009 3.0001 1093 164C1146 265.63 1031 293 1031 293L924 377L-288 389L-286 255Z\"\/>\n\t<path class=\"ux-shape-fill\" opacity=\"0.3\" d=\"M-24 69C-24 69 275.68 370.66 389 314C397 310 622 316 673 356C690.47 369.7 845 224 890 182C944.8 130.85 1018 92 1078 143C1154.12 207.7 1196 242 1196 242L1184 374L-28 386L-24 69Z\"\/>\n\t<path class=\"ux-shape-fill\" d=\"M-12 201C-12 201 58 284 182 258C306 232 342.29 221.23 456 264C565 305 640.82 288.36 721 249C776 222 837.5 191.31 935 253C984 284 1030 279 1030 279L1024 430L-12 440V201Z\"\/>\n<\/svg>\n\t<\/div>\n\n\t<div class=\"ux-shape-divider ux-shape-divider--bottom ux-shape-divider--style-waves-opacity\">\n\t\t<svg viewBox=\"0 0 1000 300\" xmlns=\"http:\/\/www.w3.org\/2000\/svg\" preserveAspectRatio=\"none\">\n    <path class=\"ux-shape-fill\" d=\"M0 300L-1 69.71C216 57 299.47 198.86 403 226C506 253 577 196 660 197C740 198 790.09 234.07 874 267C935.23 291 982 282.61 1000 277.61V300H0Z\"\/>\n    <path class=\"ux-shape-fill\" opacity=\"0.5\" d=\"M1 265.094L0 50.5C217 37.79 300.47 186.36 404 213.5C507 240.5 578 196.5 661 197.5C741 198.5 787.59 239.57 871.5 272.5C932.73 296.5 980.5 284.5 998.5 279.5V298.5L1 265.094Z\"\/>\n    <path class=\"ux-shape-fill\" opacity=\"0.15\" d=\"M0.999878 244.094L-0.00012207 27C217 14.29 300.47 173.86 404 201C507 228 578 196 661 197C741 198 787.59 243.07 871.5 276C932.73 300 980.5 284.5 998.5 279.5V299L0.999878 244.094Z\"\/>\n<\/svg>\n\n\t<\/div>\n\n\t\t<div class=\"section-content relative\">\n\t\t\t\n<div class=\"row row-large align-middle align-center\"  id=\"row-461460067\">\n\n\t<div id=\"col-600808210\" class=\"col medium-10 small-12 large-10\"  >\n\t\t\t\t<div class=\"col-inner\"  >\n\t\t\t\n\t\t\t\n\t<div id=\"text-4211596494\" class=\"text\">\n\t\t\n<blockquote class=\"lead text-center mt-4\"><p>\n          <span style=\"font-size:170%;\">&#8222;Belcaire \u2014 Prospe\u021bime, fiabilitate \u0219i servicii din c\u00e2mp p\u00e2n\u0103 la destina\u021bia final\u0103.&#8221;<\/span>\n        <\/p><\/blockquote>\n\t\t\n<style>\n#text-4211596494 {\n  color: rgb(255,255,255);\n}\n#text-4211596494 > * {\n  color: rgb(255,255,255);\n}\n<\/style>\n\t<\/div>\n\t\n\t\t<\/div>\n\t\t\t\t\t<\/div>\n\n\t\n<\/div>\n\t\t<\/div>\n\n\t\t\n<style>\n#section_392787084 {\n  padding-top: 60px;\n  padding-bottom: 60px;\n  background-color: #12754d;\n}\n#section_392787084 .ux-shape-divider--top svg {\n  height: 150px;\n  --divider-top-width: 100%;\n}\n#section_392787084 .ux-shape-divider--bottom svg {\n  height: 150px;\n  --divider-width: 100%;\n}\n<\/style>\n\t<\/section>\n\t\n","protected":false},"excerpt":{"rendered":"","protected":false},"author":1,"featured_media":786,"parent":0,"menu_order":0,"comment_status":"closed","ping_status":"closed","template":"page-transparent-header-light.php","meta":{"footnotes":""},"class_list":["post-474","page","type-page","status-publish","has-post-thumbnail","hentry"],"yoast_head":"<!-- This site is optimized with the Yoast SEO Premium plugin v23.6 (Yoast SEO v27.3) - https:\/\/yoast.com\/product\/yoast-seo-premium-wordpress\/ -->\n<title>Produsele Noastre | Belcaire \u2013 Citrice, Fructe \u0219i Legume Proaspete<\/title>\n<meta name=\"description\" content=\"Descoperi\u021bi gama Belcaire: citrice, fructe proaspete, exotice \u0219i legume selectate la origine \u0219i disponibile pe tot parcursul anului.\" \/>\n<meta name=\"robots\" content=\"index, follow, max-snippet:-1, max-image-preview:large, max-video-preview:-1\" \/>\n<link rel=\"canonical\" href=\"https:\/\/belcaire.eu\/ro\/products\/\" \/>\n<meta property=\"og:locale\" content=\"ro_RO\" \/>\n<meta property=\"og:type\" content=\"article\" \/>\n<meta property=\"og:title\" content=\"Products\" \/>\n<meta property=\"og:description\" content=\"Products :\" \/>\n<meta property=\"og:url\" content=\"https:\/\/belcaire.eu\/ro\/products\/\" \/>\n<meta property=\"og:site_name\" content=\"Belcaire\" \/>\n<meta property=\"article:modified_time\" content=\"2026-02-26T19:45:45+00:00\" \/>\n<meta property=\"og:image\" content=\"https:\/\/belcaire.eu\/wp-content\/uploads\/2025\/11\/logotipo.jpg\" \/>\n\t<meta property=\"og:image:width\" content=\"696\" \/>\n\t<meta property=\"og:image:height\" content=\"696\" \/>\n\t<meta property=\"og:image:type\" content=\"image\/jpeg\" \/>\n<meta name=\"twitter:card\" content=\"summary_large_image\" \/>\n<meta name=\"twitter:label1\" content=\"Timp estimat pentru citire\" \/>\n\t<meta name=\"twitter:data1\" content=\"2 minute\" \/>\n<script type=\"application\/ld+json\" class=\"yoast-schema-graph\">{\"@context\":\"https:\\\/\\\/schema.org\",\"@graph\":[{\"@type\":\"WebPage\",\"@id\":\"https:\\\/\\\/belcaire.eu\\\/ro\\\/products\\\/\",\"url\":\"https:\\\/\\\/belcaire.eu\\\/ro\\\/products\\\/\",\"name\":\"Produsele Noastre | Belcaire \u2013 Citrice, Fructe \u0219i Legume Proaspete\",\"isPartOf\":{\"@id\":\"https:\\\/\\\/belcaire.eu\\\/ro\\\/#website\"},\"primaryImageOfPage\":{\"@id\":\"https:\\\/\\\/belcaire.eu\\\/ro\\\/products\\\/#primaryimage\"},\"image\":{\"@id\":\"https:\\\/\\\/belcaire.eu\\\/ro\\\/products\\\/#primaryimage\"},\"thumbnailUrl\":\"https:\\\/\\\/belcaire.eu\\\/wp-content\\\/uploads\\\/2025\\\/11\\\/logotipo.jpg\",\"datePublished\":\"2025-11-07T11:03:57+00:00\",\"dateModified\":\"2026-02-26T19:45:45+00:00\",\"description\":\"Descoperi\u021bi gama Belcaire: citrice, fructe proaspete, exotice \u0219i legume selectate la origine \u0219i disponibile pe tot parcursul anului.\",\"breadcrumb\":{\"@id\":\"https:\\\/\\\/belcaire.eu\\\/ro\\\/products\\\/#breadcrumb\"},\"inLanguage\":\"ro-RO\",\"potentialAction\":[{\"@type\":\"ReadAction\",\"target\":[\"https:\\\/\\\/belcaire.eu\\\/ro\\\/products\\\/\"]}]},{\"@type\":\"ImageObject\",\"inLanguage\":\"ro-RO\",\"@id\":\"https:\\\/\\\/belcaire.eu\\\/ro\\\/products\\\/#primaryimage\",\"url\":\"https:\\\/\\\/belcaire.eu\\\/wp-content\\\/uploads\\\/2025\\\/11\\\/logotipo.jpg\",\"contentUrl\":\"https:\\\/\\\/belcaire.eu\\\/wp-content\\\/uploads\\\/2025\\\/11\\\/logotipo.jpg\",\"width\":696,\"height\":696,\"caption\":\"belcaire\"},{\"@type\":\"BreadcrumbList\",\"@id\":\"https:\\\/\\\/belcaire.eu\\\/ro\\\/products\\\/#breadcrumb\",\"itemListElement\":[{\"@type\":\"ListItem\",\"position\":1,\"name\":\"Portada\",\"item\":\"https:\\\/\\\/belcaire.eu\\\/ro\\\/\"},{\"@type\":\"ListItem\",\"position\":2,\"name\":\"Products\"}]},{\"@type\":\"WebSite\",\"@id\":\"https:\\\/\\\/belcaire.eu\\\/ro\\\/#website\",\"url\":\"https:\\\/\\\/belcaire.eu\\\/ro\\\/\",\"name\":\"Belcaire\",\"description\":\"Production, selection, and export of citrus fruit, fresh fruit, and vegetables.\",\"publisher\":{\"@id\":\"https:\\\/\\\/belcaire.eu\\\/ro\\\/#organization\"},\"alternateName\":\"Belcaire Export\",\"potentialAction\":[{\"@type\":\"SearchAction\",\"target\":{\"@type\":\"EntryPoint\",\"urlTemplate\":\"https:\\\/\\\/belcaire.eu\\\/ro\\\/?s={search_term_string}\"},\"query-input\":{\"@type\":\"PropertyValueSpecification\",\"valueRequired\":true,\"valueName\":\"search_term_string\"}}],\"inLanguage\":\"ro-RO\"},{\"@type\":\"Organization\",\"@id\":\"https:\\\/\\\/belcaire.eu\\\/ro\\\/#organization\",\"name\":\"Belcaire\",\"alternateName\":\"Belcaire Export\",\"url\":\"https:\\\/\\\/belcaire.eu\\\/ro\\\/\",\"logo\":{\"@type\":\"ImageObject\",\"inLanguage\":\"ro-RO\",\"@id\":\"https:\\\/\\\/belcaire.eu\\\/ro\\\/#\\\/schema\\\/logo\\\/image\\\/\",\"url\":\"https:\\\/\\\/belcaire.eu\\\/wp-content\\\/uploads\\\/2025\\\/11\\\/logotipo.jpg\",\"contentUrl\":\"https:\\\/\\\/belcaire.eu\\\/wp-content\\\/uploads\\\/2025\\\/11\\\/logotipo.jpg\",\"width\":696,\"height\":696,\"caption\":\"Belcaire\"},\"image\":{\"@id\":\"https:\\\/\\\/belcaire.eu\\\/ro\\\/#\\\/schema\\\/logo\\\/image\\\/\"},\"description\":\"Spanish company specialized in the production, selection, and export of citrus fruit, fresh fruit, and vegetables. With headquarters in the Valencian Community and a subsidiary in Bucharest, Belcaire supplies high-quality produce to international clients all year round.\",\"email\":\"comercial@belcaire.eu\",\"telephone\":\"+34 964 674 681\",\"legalName\":\"Exportaciones Belcaire, S.L.\",\"foundingDate\":\"2002-01-01\",\"vatID\":\"ESB12345678\",\"taxID\":\"ESB12345678\",\"naics\":\"424480\",\"numberOfEmployees\":{\"@type\":\"QuantitativeValue\",\"minValue\":\"11\",\"maxValue\":\"50\"}}]}<\/script>\n<!-- \/ Yoast SEO Premium plugin. -->","yoast_head_json":{"title":"Produsele Noastre | Belcaire \u2013 Citrice, Fructe \u0219i Legume Proaspete","description":"Descoperi\u021bi gama Belcaire: citrice, fructe proaspete, exotice \u0219i legume selectate la origine \u0219i disponibile pe tot parcursul anului.","robots":{"index":"index","follow":"follow","max-snippet":"max-snippet:-1","max-image-preview":"max-image-preview:large","max-video-preview":"max-video-preview:-1"},"canonical":"https:\/\/belcaire.eu\/ro\/products\/","og_locale":"ro_RO","og_type":"article","og_title":"Products","og_description":"Products :","og_url":"https:\/\/belcaire.eu\/ro\/products\/","og_site_name":"Belcaire","article_modified_time":"2026-02-26T19:45:45+00:00","og_image":[{"width":696,"height":696,"url":"https:\/\/belcaire.eu\/wp-content\/uploads\/2025\/11\/logotipo.jpg","type":"image\/jpeg"}],"twitter_card":"summary_large_image","twitter_misc":{"Timp estimat pentru citire":"2 minute"},"schema":{"@context":"https:\/\/schema.org","@graph":[{"@type":"WebPage","@id":"https:\/\/belcaire.eu\/ro\/products\/","url":"https:\/\/belcaire.eu\/ro\/products\/","name":"Produsele Noastre | Belcaire \u2013 Citrice, Fructe \u0219i Legume Proaspete","isPartOf":{"@id":"https:\/\/belcaire.eu\/ro\/#website"},"primaryImageOfPage":{"@id":"https:\/\/belcaire.eu\/ro\/products\/#primaryimage"},"image":{"@id":"https:\/\/belcaire.eu\/ro\/products\/#primaryimage"},"thumbnailUrl":"https:\/\/belcaire.eu\/wp-content\/uploads\/2025\/11\/logotipo.jpg","datePublished":"2025-11-07T11:03:57+00:00","dateModified":"2026-02-26T19:45:45+00:00","description":"Descoperi\u021bi gama Belcaire: citrice, fructe proaspete, exotice \u0219i legume selectate la origine \u0219i disponibile pe tot parcursul anului.","breadcrumb":{"@id":"https:\/\/belcaire.eu\/ro\/products\/#breadcrumb"},"inLanguage":"ro-RO","potentialAction":[{"@type":"ReadAction","target":["https:\/\/belcaire.eu\/ro\/products\/"]}]},{"@type":"ImageObject","inLanguage":"ro-RO","@id":"https:\/\/belcaire.eu\/ro\/products\/#primaryimage","url":"https:\/\/belcaire.eu\/wp-content\/uploads\/2025\/11\/logotipo.jpg","contentUrl":"https:\/\/belcaire.eu\/wp-content\/uploads\/2025\/11\/logotipo.jpg","width":696,"height":696,"caption":"belcaire"},{"@type":"BreadcrumbList","@id":"https:\/\/belcaire.eu\/ro\/products\/#breadcrumb","itemListElement":[{"@type":"ListItem","position":1,"name":"Portada","item":"https:\/\/belcaire.eu\/ro\/"},{"@type":"ListItem","position":2,"name":"Products"}]},{"@type":"WebSite","@id":"https:\/\/belcaire.eu\/ro\/#website","url":"https:\/\/belcaire.eu\/ro\/","name":"Belcaire","description":"Production, selection, and export of citrus fruit, fresh fruit, and vegetables.","publisher":{"@id":"https:\/\/belcaire.eu\/ro\/#organization"},"alternateName":"Belcaire Export","potentialAction":[{"@type":"SearchAction","target":{"@type":"EntryPoint","urlTemplate":"https:\/\/belcaire.eu\/ro\/?s={search_term_string}"},"query-input":{"@type":"PropertyValueSpecification","valueRequired":true,"valueName":"search_term_string"}}],"inLanguage":"ro-RO"},{"@type":"Organization","@id":"https:\/\/belcaire.eu\/ro\/#organization","name":"Belcaire","alternateName":"Belcaire Export","url":"https:\/\/belcaire.eu\/ro\/","logo":{"@type":"ImageObject","inLanguage":"ro-RO","@id":"https:\/\/belcaire.eu\/ro\/#\/schema\/logo\/image\/","url":"https:\/\/belcaire.eu\/wp-content\/uploads\/2025\/11\/logotipo.jpg","contentUrl":"https:\/\/belcaire.eu\/wp-content\/uploads\/2025\/11\/logotipo.jpg","width":696,"height":696,"caption":"Belcaire"},"image":{"@id":"https:\/\/belcaire.eu\/ro\/#\/schema\/logo\/image\/"},"description":"Spanish company specialized in the production, selection, and export of citrus fruit, fresh fruit, and vegetables. With headquarters in the Valencian Community and a subsidiary in Bucharest, Belcaire supplies high-quality produce to international clients all year round.","email":"comercial@belcaire.eu","telephone":"+34 964 674 681","legalName":"Exportaciones Belcaire, S.L.","foundingDate":"2002-01-01","vatID":"ESB12345678","taxID":"ESB12345678","naics":"424480","numberOfEmployees":{"@type":"QuantitativeValue","minValue":"11","maxValue":"50"}}]}},"_links":{"self":[{"href":"https:\/\/belcaire.eu\/ro\/wp-json\/wp\/v2\/pages\/474","targetHints":{"allow":["GET"]}}],"collection":[{"href":"https:\/\/belcaire.eu\/ro\/wp-json\/wp\/v2\/pages"}],"about":[{"href":"https:\/\/belcaire.eu\/ro\/wp-json\/wp\/v2\/types\/page"}],"author":[{"embeddable":true,"href":"https:\/\/belcaire.eu\/ro\/wp-json\/wp\/v2\/users\/1"}],"replies":[{"embeddable":true,"href":"https:\/\/belcaire.eu\/ro\/wp-json\/wp\/v2\/comments?post=474"}],"version-history":[{"count":29,"href":"https:\/\/belcaire.eu\/ro\/wp-json\/wp\/v2\/pages\/474\/revisions"}],"predecessor-version":[{"id":1007,"href":"https:\/\/belcaire.eu\/ro\/wp-json\/wp\/v2\/pages\/474\/revisions\/1007"}],"wp:featuredmedia":[{"embeddable":true,"href":"https:\/\/belcaire.eu\/ro\/wp-json\/wp\/v2\/media\/786"}],"wp:attachment":[{"href":"https:\/\/belcaire.eu\/ro\/wp-json\/wp\/v2\/media?parent=474"}],"curies":[{"name":"wp","href":"https:\/\/api.w.org\/{rel}","templated":true}]}}