{"id":987,"date":"2026-02-26T20:01:49","date_gmt":"2026-02-26T19:01:49","guid":{"rendered":"https:\/\/belcaire.eu\/?page_id=987"},"modified":"2026-03-09T12:47:44","modified_gmt":"2026-03-09T11:47:44","slug":"limones","status":"publish","type":"page","link":"https:\/\/belcaire.eu\/es\/productos\/citricos\/limones\/","title":{"rendered":"Limones"},"content":{"rendered":"\n  <div class=\"banner has-hover has-parallax\" id=\"banner-1010216100\">\n          <div class=\"banner-inner fill\">\n        <div class=\"banner-bg fill\" data-parallax=\"-3\" data-parallax-container=\".banner\" data-parallax-background>\n            <img loading=\"lazy\" decoding=\"async\" width=\"500\" height=\"500\" src=\"https:\/\/belcaire.eu\/wp-content\/uploads\/2025\/11\/citrice.png\" class=\"bg attachment-large size-large\" alt=\"\" \/>                        <div class=\"overlay\"><\/div>            \n                    <\/div>\n\t\t\n        <div class=\"banner-layers container\">\n            <div class=\"fill banner-link\"><\/div>            \n   <div id=\"text-box-1028149460\" class=\"text-box banner-layer x50 md-x50 lg-x50 y80 md-y80 lg-y80 res-text\">\n                                <div class=\"text-box-content text dark\">\n              \n              <div class=\"text-inner text-center\">\n                  \n<h1 class=\"lead\" style=\"color:#fff;\">Proveedor y Exportador de Limones en Espa\u00f1a<\/h1>\n<p class=\"lead\" style=\"color:#fff;\">Limones al por mayor desde Espa\u00f1a con programas de suministro estructurados y log\u00edstica fiable.<\/p>\n              <\/div>\n           <\/div>\n                            \n<style>\n#text-box-1028149460 {\n  width: 60%;\n}\n#text-box-1028149460 .text-box-content {\n  font-size: 100%;\n}\n<\/style>\n    <\/div>\n \n        <\/div>\n      <\/div>\n\n            \n<style>\n#banner-1010216100 {\n  padding-top: 507px;\n}\n#banner-1010216100 .overlay {\n  background-color: rgba(0,0,0,0.45);\n}\n#banner-1010216100 .banner-bg img {\n  object-position: 55% 45%;\n}\n<\/style>\n  <\/div>\n\n\n<div class=\"row\"  id=\"row-1901193162\">\n\n\t<div id=\"col-542093048\" class=\"col small-12 large-12\"  >\n\t\t\t\t<div class=\"col-inner\"  >\n\t\t\t\n\t\t\t\n<div class=\"container section-title-container\" ><h3 class=\"section-title section-title-center\"><b aria-hidden=\"true\"><\/b><span class=\"section-title-main\" >Limones desde Espa\u00f1a para importadores y programas de supermercados<\/span><b aria-hidden=\"true\"><\/b><\/h3><\/div>\n<p class=\"lead text-center\">\n  Belcaire suministra <strong>limones desde Espa\u00f1a<\/strong> a <strong>importadores<\/strong>, <strong>cadenas de supermercados<\/strong> y <strong>distribuidores mayoristas<\/strong>.<br \/>\n  Espa\u00f1a es nuestro origen principal, garantizando <strong>calidad constante<\/strong> y <strong>trazabilidad completa<\/strong>.\n<\/p>\n<p class=\"lead text-center\" style=\"max-width:980px; margin-left:auto; margin-right:auto;\">\n  Muchos compradores buscan <strong>proveedor de limones en Espa\u00f1a<\/strong>, <strong>exportador de limones<\/strong> o <strong>limones al por mayor<\/strong>.<br \/>\n  Adaptamos vol\u00famenes, formatos y planificaci\u00f3n log\u00edstica a los requisitos de cada mercado.\n<\/p>\n<p class=\"lead text-center\" style=\"margin-top:10px;\">\n  <a href=\"\/es\/productos\/citricos\/\" style=\"text-decoration:none;\">Ver todos los C\u00edtricos<\/a>\n<\/p>\n\t\t<\/div>\n\t\t\t\t\t<\/div>\n\n\t\n<\/div>\n\n\t<section class=\"section\" id=\"section_1166701536\">\n\t\t<div class=\"section-bg fill\" >\n\t\t\t\t\t\t\t\t\t\n\t\t\t\n\n\t\t<\/div>\n\n\t\t\n\n\t\t<div class=\"section-content relative\">\n\t\t\t\n<div class=\"row row-small align-equal row-box-shadow-2-hover\"  id=\"row-2113702574\">\n\n\t<div id=\"col-1202396318\" class=\"col medium-4 small-12 large-4\"  >\n\t\t\t\t<div class=\"col-inner\" style=\"background-color:#EAF2EF;\" >\n\t\t\t\n\t\t\t\n<h2 class=\"uppercase\">Programas de suministro<\/h2>\n<ul>\n<li>Vol\u00famenes para retail y distribuci\u00f3n<\/li>\n<li>Formatos adaptados al mercado<\/li>\n<li>Planificaci\u00f3n estacional<\/li>\n<\/ul>\n\t\t<\/div>\n\t\t\t\t\t<\/div>\n\n\t\n\n\t<div id=\"col-158835819\" class=\"col medium-4 small-12 large-4\"  >\n\t\t\t\t<div class=\"col-inner\" style=\"background-color:#F6FAF8;\" >\n\t\t\t\n\t\t\t\n<h2 class=\"uppercase\">Log\u00edstica de exportaci\u00f3n<\/h2>\n<ul>\n<li>Env\u00edos paletizados<\/li>\n<li>Soporte documental<\/li>\n<li>Planificaci\u00f3n de entregas<\/li>\n<\/ul>\n\t\t<\/div>\n\t\t\t\t\t<\/div>\n\n\t\n\n\t<div id=\"col-2081634141\" class=\"col medium-4 small-12 large-4\"  >\n\t\t\t\t<div class=\"col-inner\" style=\"background-color:#D8E6DF;\" >\n\t\t\t\n\t\t\t\n<h2 class=\"uppercase\">Calidad y trazabilidad<\/h2>\n<ul>\n<li>Selecci\u00f3n en origen en Espa\u00f1a<\/li>\n<li>Cumplimiento normativo europeo<\/li>\n<li>Programas comerciales recurrentes<\/li>\n<\/ul>\n\t\t<\/div>\n\t\t\t\t\t<\/div>\n\n\t\n\n<style>\n#row-2113702574 > .col > .col-inner {\n  padding: 35px 30px;\n  border-radius: 5px;\n}\n<\/style>\n<\/div>\n\t\t<\/div>\n\n\t\t\n<style>\n#section_1166701536 {\n  padding-top: 50px;\n  padding-bottom: 50px;\n}\n<\/style>\n\t<\/section>\n\t\n\n\t<section class=\"section\" id=\"section_2039015048\">\n\t\t<div class=\"section-bg fill\" >\n\t\t\t\t\t\t\t\t\t\n\t\t\t\n\n\t\t<\/div>\n\n\t\t\n\n\t\t<div class=\"section-content relative\">\n\t\t\t\n<div class=\"row row-large align-middle align-center\"  id=\"row-191812078\">\n\n\t<div id=\"col-437253848\" class=\"col medium-10 small-12 large-10\"  >\n\t\t\t\t<div class=\"col-inner\"  >\n\t\t\t\n\t\t\t\n<blockquote class=\"lead text-center\">\n<p style=\"font-size:170%;\">\u00abBelcaire \u2014 Limones desde Espa\u00f1a para programas de importaci\u00f3n y distribuci\u00f3n.\u00bb<\/p>\n<\/blockquote>\n\t\t<\/div>\n\t\t\t\t\t<\/div>\n\n\t\n<\/div>\n\t\t<\/div>\n\n\t\t\n<style>\n#section_2039015048 {\n  padding-top: 60px;\n  padding-bottom: 60px;\n  background-color: #12754d;\n}\n<\/style>\n\t<\/section>\n\t\n","protected":false},"excerpt":{"rendered":"","protected":false},"author":1,"featured_media":0,"parent":946,"menu_order":0,"comment_status":"closed","ping_status":"closed","template":"page-transparent-header.php","meta":{"footnotes":""},"class_list":["post-987","page","type-page","status-publish","hentry"],"yoast_head":"<!-- This site is optimized with the Yoast SEO Premium plugin v23.6 (Yoast SEO v27.3) - https:\/\/yoast.com\/product\/yoast-seo-premium-wordpress\/ -->\n<title>Proveedor y Exportador de Limones en Espa\u00f1a | Belcaire<\/title>\n<meta name=\"description\" content=\"Belcaire es proveedor y exportador de limones en Espa\u00f1a para importadores y cadenas de supermercados. Limones al por mayor con trazabilidad, calidad constante y log\u00edstica de exportaci\u00f3n fiable.\" \/>\n<meta name=\"robots\" content=\"index, follow, max-snippet:-1, max-image-preview:large, max-video-preview:-1\" \/>\n<link rel=\"canonical\" href=\"https:\/\/belcaire.eu\/es\/productos\/citricos\/limones\/\" \/>\n<meta property=\"og:locale\" content=\"es_ES\" \/>\n<meta property=\"og:type\" content=\"article\" \/>\n<meta property=\"og:title\" content=\"Limones\" \/>\n<meta property=\"og:description\" content=\"Limones :\" \/>\n<meta property=\"og:url\" content=\"https:\/\/belcaire.eu\/es\/productos\/citricos\/limones\/\" \/>\n<meta property=\"og:site_name\" content=\"Belcaire\" \/>\n<meta property=\"article:modified_time\" content=\"2026-03-09T11:47:44+00:00\" \/>\n<meta property=\"og:image\" content=\"https:\/\/belcaire.eu\/wp-content\/uploads\/2025\/11\/belcaire-Producers-and-Exporters-CitrusFresh-Fruit-and-Vegetables-1.jpg\" \/>\n\t<meta property=\"og:image:width\" content=\"1400\" \/>\n\t<meta property=\"og:image:height\" content=\"800\" \/>\n\t<meta property=\"og:image:type\" content=\"image\/jpeg\" \/>\n<meta name=\"twitter:card\" content=\"summary_large_image\" \/>\n<meta name=\"twitter:label1\" content=\"Tiempo de lectura\" \/>\n\t<meta name=\"twitter:data1\" content=\"1 minuto\" \/>\n<script type=\"application\/ld+json\" class=\"yoast-schema-graph\">{\"@context\":\"https:\\\/\\\/schema.org\",\"@graph\":[{\"@type\":\"WebPage\",\"@id\":\"https:\\\/\\\/belcaire.eu\\\/es\\\/productos\\\/citricos\\\/limones\\\/\",\"url\":\"https:\\\/\\\/belcaire.eu\\\/es\\\/productos\\\/citricos\\\/limones\\\/\",\"name\":\"Proveedor y Exportador de Limones en Espa\u00f1a | Belcaire\",\"isPartOf\":{\"@id\":\"https:\\\/\\\/belcaire.eu\\\/es\\\/#website\"},\"datePublished\":\"2026-02-26T19:01:49+00:00\",\"dateModified\":\"2026-03-09T11:47:44+00:00\",\"description\":\"Belcaire es proveedor y exportador de limones en Espa\u00f1a para importadores y cadenas de supermercados. Limones al por mayor con trazabilidad, calidad constante y log\u00edstica de exportaci\u00f3n fiable.\",\"breadcrumb\":{\"@id\":\"https:\\\/\\\/belcaire.eu\\\/es\\\/productos\\\/citricos\\\/limones\\\/#breadcrumb\"},\"inLanguage\":\"es\",\"potentialAction\":[{\"@type\":\"ReadAction\",\"target\":[\"https:\\\/\\\/belcaire.eu\\\/es\\\/productos\\\/citricos\\\/limones\\\/\"]}]},{\"@type\":\"BreadcrumbList\",\"@id\":\"https:\\\/\\\/belcaire.eu\\\/es\\\/productos\\\/citricos\\\/limones\\\/#breadcrumb\",\"itemListElement\":[{\"@type\":\"ListItem\",\"position\":1,\"name\":\"Portada\",\"item\":\"https:\\\/\\\/belcaire.eu\\\/es\\\/\"},{\"@type\":\"ListItem\",\"position\":2,\"name\":\"Productos\",\"item\":\"https:\\\/\\\/belcaire.eu\\\/es\\\/productos\\\/\"},{\"@type\":\"ListItem\",\"position\":3,\"name\":\"C\u00edtricos\",\"item\":\"https:\\\/\\\/belcaire.eu\\\/es\\\/productos\\\/citricos\\\/\"},{\"@type\":\"ListItem\",\"position\":4,\"name\":\"Limones\"}]},{\"@type\":\"WebSite\",\"@id\":\"https:\\\/\\\/belcaire.eu\\\/es\\\/#website\",\"url\":\"https:\\\/\\\/belcaire.eu\\\/es\\\/\",\"name\":\"Belcaire\",\"description\":\"Production, selection, and export of citrus fruit, fresh fruit, and vegetables.\",\"publisher\":{\"@id\":\"https:\\\/\\\/belcaire.eu\\\/es\\\/#organization\"},\"alternateName\":\"Belcaire Export\",\"potentialAction\":[{\"@type\":\"SearchAction\",\"target\":{\"@type\":\"EntryPoint\",\"urlTemplate\":\"https:\\\/\\\/belcaire.eu\\\/es\\\/?s={search_term_string}\"},\"query-input\":{\"@type\":\"PropertyValueSpecification\",\"valueRequired\":true,\"valueName\":\"search_term_string\"}}],\"inLanguage\":\"es\"},{\"@type\":\"Organization\",\"@id\":\"https:\\\/\\\/belcaire.eu\\\/es\\\/#organization\",\"name\":\"Belcaire\",\"alternateName\":\"Belcaire Export\",\"url\":\"https:\\\/\\\/belcaire.eu\\\/es\\\/\",\"logo\":{\"@type\":\"ImageObject\",\"inLanguage\":\"es\",\"@id\":\"https:\\\/\\\/belcaire.eu\\\/es\\\/#\\\/schema\\\/logo\\\/image\\\/\",\"url\":\"https:\\\/\\\/belcaire.eu\\\/wp-content\\\/uploads\\\/2025\\\/11\\\/logotipo.jpg\",\"contentUrl\":\"https:\\\/\\\/belcaire.eu\\\/wp-content\\\/uploads\\\/2025\\\/11\\\/logotipo.jpg\",\"width\":696,\"height\":696,\"caption\":\"Belcaire\"},\"image\":{\"@id\":\"https:\\\/\\\/belcaire.eu\\\/es\\\/#\\\/schema\\\/logo\\\/image\\\/\"},\"description\":\"Spanish company specialized in the production, selection, and export of citrus fruit, fresh fruit, and vegetables. With headquarters in the Valencian Community and a subsidiary in Bucharest, Belcaire supplies high-quality produce to international clients all year round.\",\"email\":\"comercial@belcaire.eu\",\"telephone\":\"+34 964 674 681\",\"legalName\":\"Exportaciones Belcaire, S.L.\",\"foundingDate\":\"2002-01-01\",\"vatID\":\"ESB12345678\",\"taxID\":\"ESB12345678\",\"naics\":\"424480\",\"numberOfEmployees\":{\"@type\":\"QuantitativeValue\",\"minValue\":\"11\",\"maxValue\":\"50\"}}]}<\/script>\n<!-- \/ Yoast SEO Premium plugin. -->","yoast_head_json":{"title":"Proveedor y Exportador de Limones en Espa\u00f1a | Belcaire","description":"Belcaire es proveedor y exportador de limones en Espa\u00f1a para importadores y cadenas de supermercados. Limones al por mayor con trazabilidad, calidad constante y log\u00edstica de exportaci\u00f3n fiable.","robots":{"index":"index","follow":"follow","max-snippet":"max-snippet:-1","max-image-preview":"max-image-preview:large","max-video-preview":"max-video-preview:-1"},"canonical":"https:\/\/belcaire.eu\/es\/productos\/citricos\/limones\/","og_locale":"es_ES","og_type":"article","og_title":"Limones","og_description":"Limones :","og_url":"https:\/\/belcaire.eu\/es\/productos\/citricos\/limones\/","og_site_name":"Belcaire","article_modified_time":"2026-03-09T11:47:44+00:00","og_image":[{"width":1400,"height":800,"url":"https:\/\/belcaire.eu\/wp-content\/uploads\/2025\/11\/belcaire-Producers-and-Exporters-CitrusFresh-Fruit-and-Vegetables-1.jpg","type":"image\/jpeg"}],"twitter_card":"summary_large_image","twitter_misc":{"Tiempo de lectura":"1 minuto"},"schema":{"@context":"https:\/\/schema.org","@graph":[{"@type":"WebPage","@id":"https:\/\/belcaire.eu\/es\/productos\/citricos\/limones\/","url":"https:\/\/belcaire.eu\/es\/productos\/citricos\/limones\/","name":"Proveedor y Exportador de Limones en Espa\u00f1a | Belcaire","isPartOf":{"@id":"https:\/\/belcaire.eu\/es\/#website"},"datePublished":"2026-02-26T19:01:49+00:00","dateModified":"2026-03-09T11:47:44+00:00","description":"Belcaire es proveedor y exportador de limones en Espa\u00f1a para importadores y cadenas de supermercados. Limones al por mayor con trazabilidad, calidad constante y log\u00edstica de exportaci\u00f3n fiable.","breadcrumb":{"@id":"https:\/\/belcaire.eu\/es\/productos\/citricos\/limones\/#breadcrumb"},"inLanguage":"es","potentialAction":[{"@type":"ReadAction","target":["https:\/\/belcaire.eu\/es\/productos\/citricos\/limones\/"]}]},{"@type":"BreadcrumbList","@id":"https:\/\/belcaire.eu\/es\/productos\/citricos\/limones\/#breadcrumb","itemListElement":[{"@type":"ListItem","position":1,"name":"Portada","item":"https:\/\/belcaire.eu\/es\/"},{"@type":"ListItem","position":2,"name":"Productos","item":"https:\/\/belcaire.eu\/es\/productos\/"},{"@type":"ListItem","position":3,"name":"C\u00edtricos","item":"https:\/\/belcaire.eu\/es\/productos\/citricos\/"},{"@type":"ListItem","position":4,"name":"Limones"}]},{"@type":"WebSite","@id":"https:\/\/belcaire.eu\/es\/#website","url":"https:\/\/belcaire.eu\/es\/","name":"Belcaire","description":"Production, selection, and export of citrus fruit, fresh fruit, and vegetables.","publisher":{"@id":"https:\/\/belcaire.eu\/es\/#organization"},"alternateName":"Belcaire Export","potentialAction":[{"@type":"SearchAction","target":{"@type":"EntryPoint","urlTemplate":"https:\/\/belcaire.eu\/es\/?s={search_term_string}"},"query-input":{"@type":"PropertyValueSpecification","valueRequired":true,"valueName":"search_term_string"}}],"inLanguage":"es"},{"@type":"Organization","@id":"https:\/\/belcaire.eu\/es\/#organization","name":"Belcaire","alternateName":"Belcaire Export","url":"https:\/\/belcaire.eu\/es\/","logo":{"@type":"ImageObject","inLanguage":"es","@id":"https:\/\/belcaire.eu\/es\/#\/schema\/logo\/image\/","url":"https:\/\/belcaire.eu\/wp-content\/uploads\/2025\/11\/logotipo.jpg","contentUrl":"https:\/\/belcaire.eu\/wp-content\/uploads\/2025\/11\/logotipo.jpg","width":696,"height":696,"caption":"Belcaire"},"image":{"@id":"https:\/\/belcaire.eu\/es\/#\/schema\/logo\/image\/"},"description":"Spanish company specialized in the production, selection, and export of citrus fruit, fresh fruit, and vegetables. With headquarters in the Valencian Community and a subsidiary in Bucharest, Belcaire supplies high-quality produce to international clients all year round.","email":"comercial@belcaire.eu","telephone":"+34 964 674 681","legalName":"Exportaciones Belcaire, S.L.","foundingDate":"2002-01-01","vatID":"ESB12345678","taxID":"ESB12345678","naics":"424480","numberOfEmployees":{"@type":"QuantitativeValue","minValue":"11","maxValue":"50"}}]}},"_links":{"self":[{"href":"https:\/\/belcaire.eu\/es\/wp-json\/wp\/v2\/pages\/987","targetHints":{"allow":["GET"]}}],"collection":[{"href":"https:\/\/belcaire.eu\/es\/wp-json\/wp\/v2\/pages"}],"about":[{"href":"https:\/\/belcaire.eu\/es\/wp-json\/wp\/v2\/types\/page"}],"author":[{"embeddable":true,"href":"https:\/\/belcaire.eu\/es\/wp-json\/wp\/v2\/users\/1"}],"replies":[{"embeddable":true,"href":"https:\/\/belcaire.eu\/es\/wp-json\/wp\/v2\/comments?post=987"}],"version-history":[{"count":6,"href":"https:\/\/belcaire.eu\/es\/wp-json\/wp\/v2\/pages\/987\/revisions"}],"predecessor-version":[{"id":1127,"href":"https:\/\/belcaire.eu\/es\/wp-json\/wp\/v2\/pages\/987\/revisions\/1127"}],"up":[{"embeddable":true,"href":"https:\/\/belcaire.eu\/es\/wp-json\/wp\/v2\/pages\/946"}],"wp:attachment":[{"href":"https:\/\/belcaire.eu\/es\/wp-json\/wp\/v2\/media?parent=987"}],"curies":[{"name":"wp","href":"https:\/\/api.w.org\/{rel}","templated":true}]}}