{"id":949,"date":"2026-02-18T16:47:02","date_gmt":"2026-02-18T15:47:02","guid":{"rendered":"https:\/\/belcaire.eu\/?page_id=949"},"modified":"2026-03-01T10:09:39","modified_gmt":"2026-03-01T09:09:39","slug":"frutas-frescas","status":"publish","type":"page","link":"https:\/\/belcaire.eu\/es\/productos\/frutas-frescas\/","title":{"rendered":"Frutas frescas"},"content":{"rendered":"\n  <div class=\"banner has-hover has-parallax\" id=\"banner-1779028628\">\n          <div class=\"banner-inner fill\">\n        <div class=\"banner-bg fill\" data-parallax=\"-3\" data-parallax-container=\".banner\" data-parallax-background>\n            <img loading=\"lazy\" decoding=\"async\" width=\"500\" height=\"500\" src=\"https:\/\/belcaire.eu\/wp-content\/uploads\/2025\/11\/fructe.png\" class=\"bg attachment-large size-large\" alt=\"\" \/>                        <div class=\"overlay\"><\/div>            \n                    <\/div>\n\t\t\n        <div class=\"banner-layers container\">\n            <div class=\"fill banner-link\"><\/div>            \n   <div id=\"text-box-1158617235\" class=\"text-box banner-layer x50 md-x50 lg-x50 y80 md-y80 lg-y80 res-text\">\n                                <div class=\"text-box-content text dark\">\n              \n              <div class=\"text-inner text-center\">\n                  \n<h1 class=\"lead\" style=\"color: #fff;\">Proveedor y Exportador de Frutas Frescas en Espa\u00f1a<\/h1>\n<p class=\"lead\" style=\"color: #fff;\">Melocotones, nectarinas, peras, melones, sand\u00edas, albaricoques, ciruelas y caqui seleccionados en origen y suministrados con log\u00edstica de exportaci\u00f3n fiable.<\/p>\n              <\/div>\n           <\/div>\n                            \n<style>\n#text-box-1158617235 {\n  width: 60%;\n}\n#text-box-1158617235 .text-box-content {\n  font-size: 100%;\n}\n<\/style>\n    <\/div>\n \n        <\/div>\n      <\/div>\n\n            \n<style>\n#banner-1779028628 {\n  padding-top: 507px;\n}\n#banner-1779028628 .overlay {\n  background-color: rgba(0,0,0,0.45);\n}\n#banner-1779028628 .banner-bg img {\n  object-position: 55% 45%;\n}\n<\/style>\n  <\/div>\n\n\n<div class=\"row\"  id=\"row-1680836518\">\n\n\t<div id=\"col-1107836423\" class=\"col small-12 large-12\"  >\n\t\t\t\t<div class=\"col-inner\"  >\n\t\t\t\n\t\t\t\n<div class=\"container section-title-container\" ><h3 class=\"section-title section-title-center\"><b aria-hidden=\"true\"><\/b><span class=\"section-title-main\" >Frutas frescas al por mayor desde Espa\u00f1a<\/span><b aria-hidden=\"true\"><\/b><\/h3><\/div>\n<p class=\"lead text-center\">Belcaire suministra <strong>frutas frescas desde Espa\u00f1a<\/strong> a <strong>importadores<\/strong>, <strong>cadenas de supermercados<\/strong> y <strong>distribuidores mayoristas<\/strong>.<br \/>\nTrabajamos directamente con productores para garantizar <strong>planificaci\u00f3n de campa\u00f1a<\/strong>, <strong>calidad constante<\/strong> y <strong>trazabilidad<\/strong>.<\/p>\n<p class=\"lead text-center\" style=\"max-width: 980px; margin-left: auto; margin-right: auto;\">Como <strong>proveedor espa\u00f1ol de frutas frescas<\/strong>, desarrollamos programas de exportaci\u00f3n adaptados a cada mercado, incluyendo<br \/>\n<strong>melocotones<\/strong> y <strong>nectarinas<\/strong>, <strong>peras<\/strong>, <strong>albaricoques<\/strong> y <strong>ciruelas<\/strong>, adem\u00e1s de<br \/>\n<strong>melones<\/strong>, <strong>sand\u00edas<\/strong> y <strong>caqui<\/strong> seg\u00fan la temporada.<\/p>\n\t\t<\/div>\n\t\t\t\t\t<\/div>\n\n\t\n<\/div>\n\n\t<section class=\"section\" id=\"section_1922393170\">\n\t\t<div class=\"section-bg fill\" >\n\t\t\t\t\t\t\t\t\t\n\t\t\t\n\n\t\t<\/div>\n\n\t\t\n\n\t\t<div class=\"section-content relative\">\n\t\t\t\n<div class=\"row row-small align-equal row-box-shadow-2-hover\"  id=\"row-1487277380\">\n\n\t<div id=\"col-122424468\" class=\"col medium-4 small-12 large-4\"  >\n\t\t\t\t<div class=\"col-inner\" style=\"background-color:#F6FAF8;\" >\n\t\t\t\n\t\t\t\n<h2 class=\"uppercase\" style=\"margin-bottom: 10px;\">Principales frutas frescas<\/h2>\n<ul style=\"margin: 0;\">\n<li><strong>Melocotones<\/strong> y <strong>Nectarinas<\/strong> (formatos para retail y mayoristas)<\/li>\n<li><strong>Peras<\/strong> (programas seg\u00fan ventanas de campa\u00f1a)<\/li>\n<li><strong>Albaricoques<\/strong> y <strong>Ciruelas<\/strong> (selecci\u00f3n por origen y temporada)<\/li>\n<li><strong>Melones<\/strong> y <strong>Sand\u00edas<\/strong> (programas de verano)<\/li>\n<li><strong>Caqui<\/strong> (disponibilidad seg\u00fan campa\u00f1a)<\/li>\n<\/ul>\n<p style=\"margin: 12px 0 0 0;\">\u00bfNecesitas variedades concretas, calibres o un formato de envasado espec\u00edfico? Contacta con nuestro equipo y cu\u00e9ntanos tus requisitos.<\/p>\n\t\t<\/div>\n\t\t\t\t\t<\/div>\n\n\t\n\n\t<div id=\"col-1582755042\" class=\"col medium-4 small-12 large-4\"  >\n\t\t\t\t<div class=\"col-inner\" style=\"background-color:#EAF2EF;\" >\n\t\t\t\n\t\t\t\n<h2 class=\"uppercase\" style=\"margin-bottom: 10px;\">Envasado y log\u00edstica<\/h2>\n<p style=\"margin: 0;\">Adaptamos el envasado y la planificaci\u00f3n de env\u00edos seg\u00fan tu canal: formatos a granel, listos para retail o soluciones personalizadas.<br \/>\nCoordinamos la <strong>log\u00edstica de exportaci\u00f3n<\/strong> y la planificaci\u00f3n de entregas para destinos europeos e internacionales.<\/p>\n<ul style=\"margin: 12px 0 0 0;\">\n<li>Env\u00edos paletizados y soporte en documentaci\u00f3n de exportaci\u00f3n<\/li>\n<li>Planificaci\u00f3n flexible para suministro semanal y campa\u00f1as<\/li>\n<li>Comunicaci\u00f3n directa y plazos fiables<\/li>\n<\/ul>\n\t\t<\/div>\n\t\t\t\t\t<\/div>\n\n\t\n\n\t<div id=\"col-1520728577\" class=\"col medium-4 small-12 large-4\"  >\n\t\t\t\t<div class=\"col-inner\" style=\"background-color:#D8E6DF;\" >\n\t\t\t\n\t\t\t\n<h2 class=\"uppercase\" style=\"margin-bottom: 10px;\">Calidad, trazabilidad y cumplimiento<\/h2>\n<p style=\"margin: 0;\">Toda la fruta se selecciona en origen con foco en frescura, trazabilidad y cumplimiento de los est\u00e1ndares europeos.<br \/>\nPriorizamos un rendimiento constante para cadenas de suministro de retail y distribuci\u00f3n.<\/p>\n<ul style=\"margin: 12px 0 0 0;\">\n<li>Selecci\u00f3n en origen y control de calidad<\/li>\n<li>Trazabilidad completa en la cadena<\/li>\n<li>Servicio profesional para relaciones a largo plazo<\/li>\n<\/ul>\n\t\t<\/div>\n\t\t\t\t\t<\/div>\n\n\t\n\n<style>\n#row-1487277380 > .col > .col-inner {\n  padding: 25px 20px;\n  border-radius: 5px;\n}\n@media (min-width:850px) {\n  #row-1487277380 > .col > .col-inner {\n    padding: 35px 30px;\n  }\n}\n<\/style>\n<\/div>\n\t\t<\/div>\n\n\t\t\n<style>\n#section_1922393170 {\n  padding-top: 35px;\n  padding-bottom: 35px;\n}\n@media (min-width:550px) {\n  #section_1922393170 {\n    padding-top: 50px;\n    padding-bottom: 50px;\n  }\n}\n<\/style>\n\t<\/section>\n\t\n\n\t<section class=\"section\" id=\"section_1710352259\">\n\t\t<div class=\"section-bg fill\" >\n\t\t\t\t\t\t\t\t\t\n\t\t\t\n\n\t\t<\/div>\n\n\t\t\n\n\t\t<div class=\"section-content relative\">\n\t\t\t\n<div class=\"row\"  id=\"row-493252162\">\n\n\t<div id=\"col-650038107\" class=\"col small-12 large-12\"  >\n\t\t\t\t<div class=\"col-inner text-center\"  >\n\t\t\t\n\t\t\t\n<div class=\"container section-title-container\" ><h3 class=\"section-title section-title-center\"><b aria-hidden=\"true\"><\/b><span class=\"section-title-main\" >Programas de fruta fresca para tu mercado<\/span><b aria-hidden=\"true\"><\/b><\/h3><\/div>\n<p class=\"lead text-center\" style=\"max-width: 980px; margin-left: auto; margin-right: auto;\">Si necesitas fruta para <strong>programas de supermercados<\/strong>, <strong>distribuci\u00f3n mayorista<\/strong> o canal horeca, podemos adaptar<br \/>\nvariedades, formatos y calendarios de entrega seg\u00fan tus necesidades.<br \/>\nInd\u00edcanos tu mercado de destino, requisitos de calidad, formatos y ventanas de suministro.<\/p>\n<a href=\"\/es\/contacto\/\" class=\"button primary box-shadow-1\" style=\"border-radius:99px;\">\n\t\t<span>Contactar con nuestro equipo<\/span>\n\t<\/a>\n\n\t\t<\/div>\n\t\t\t\t\t<\/div>\n\n\t\n<\/div>\n\t\t<\/div>\n\n\t\t\n<style>\n#section_1710352259 {\n  padding-top: 20px;\n  padding-bottom: 20px;\n}\n@media (min-width:550px) {\n  #section_1710352259 {\n    padding-top: 25px;\n    padding-bottom: 25px;\n  }\n}\n<\/style>\n\t<\/section>\n\t\n\n\t<section class=\"section\" id=\"section_1838812278\">\n\t\t<div class=\"section-bg fill\" >\n\t\t\t\t\t\t\t\t\t\n\t\t\t\n\n\t\t<\/div>\n\n\t\t\n\n\t\t<div class=\"section-content relative\">\n\t\t\t\n<div class=\"row\"  id=\"row-137551241\">\n\n\t<div id=\"col-190482551\" class=\"col small-12 large-12\"  >\n\t\t\t\t<div class=\"col-inner\"  >\n\t\t\t\n\t\t\t\n<div class=\"container section-title-container\" ><h3 class=\"section-title section-title-center\"><b aria-hidden=\"true\"><\/b><span class=\"section-title-main\" >Preguntas frecuentes \u2013 Frutas frescas al por mayor<\/span><b aria-hidden=\"true\"><\/b><\/h3><\/div>\n<p><strong>\u00bfSuministran fruta fresca al por mayor?<\/strong><br \/>\nS\u00ed. Trabajamos con importadores, cadenas de supermercados y distribuidores mayoristas, adaptando formatos, vol\u00famenes y log\u00edstica a cada programa.<\/p>\n<p><strong>\u00bfQu\u00e9 frutas frescas pueden suministrar?<\/strong><br \/>\nSuministramos melocotones, nectarinas, peras, albaricoques, ciruelas, melones, sand\u00edas y caqui, seg\u00fan disponibilidad de campa\u00f1a y ventanas de origen.<\/p>\n<p><strong>\u00bfGestionan la log\u00edstica de exportaci\u00f3n?<\/strong><br \/>\nS\u00ed. Coordinamos la planificaci\u00f3n de transporte y entregas para garantizar continuidad y un servicio fiable en destinos europeos e internacionales.<\/p>\n\t\t<\/div>\n\t\t\t\t\t<\/div>\n\n\t\n<\/div>\n\t\t<\/div>\n\n\t\t\n<style>\n#section_1838812278 {\n  padding-top: 25px;\n  padding-bottom: 25px;\n}\n@media (min-width:550px) {\n  #section_1838812278 {\n    padding-top: 35px;\n    padding-bottom: 35px;\n  }\n}\n<\/style>\n\t<\/section>\n\t\n\n\t<section class=\"section\" id=\"section_723807687\">\n\t\t<div class=\"section-bg fill\" >\n\t\t\t\t\t\t\t\t\t\n\t\t\t\n\n\t\t<\/div>\n\n\t\t\t<div class=\"ux-shape-divider ux-shape-divider--top ux-shape-divider--style-waves-opacity-3\">\n\t\t<svg viewBox=\"0 0 1000 300\" xmlns=\"http:\/\/www.w3.org\/2000\/svg\" preserveAspectRatio=\"none\">\n\t<path class=\"ux-shape-fill\" opacity=\"0.05\" d=\"M1014 264V386H206L34 300C34 300 344.42 277.16 436 221C542 156 590 160 704 209C811 255 899.11 214.94 979 346L1014 264Z\"\/>\n\t<path class=\"ux-shape-fill\" opacity=\"0.1\" d=\"M-302 55C-302 55 -66.73 263.25 50 214C178 160 283 116 353 141C445.68 174.1 534.28 256.19 588 249C692.9 235 764.52 75.94 855 131C940.61 183.09 1000 254 1000 254V328L-306 338L-302 55Z\"\/>\n\t<path class=\"ux-shape-fill\" opacity=\"0.15\" d=\"M-286 255C-286 255 -72 152 52 126C176 100 255 155 436 227C581.57 284.91 614.7 277.79 708 227C787 184 1009 3.0001 1093 164C1146 265.63 1031 293 1031 293L924 377L-288 389L-286 255Z\"\/>\n\t<path class=\"ux-shape-fill\" opacity=\"0.3\" d=\"M-24 69C-24 69 275.68 370.66 389 314C397 310 622 316 673 356C690.47 369.7 845 224 890 182C944.8 130.85 1018 92 1078 143C1154.12 207.7 1196 242 1196 242L1184 374L-28 386L-24 69Z\"\/>\n\t<path class=\"ux-shape-fill\" d=\"M-12 201C-12 201 58 284 182 258C306 232 342.29 221.23 456 264C565 305 640.82 288.36 721 249C776 222 837.5 191.31 935 253C984 284 1030 279 1030 279L1024 430L-12 440V201Z\"\/>\n<\/svg>\n\t<\/div>\n\n\t<div class=\"ux-shape-divider ux-shape-divider--bottom ux-shape-divider--style-waves-opacity\">\n\t\t<svg viewBox=\"0 0 1000 300\" xmlns=\"http:\/\/www.w3.org\/2000\/svg\" preserveAspectRatio=\"none\">\n    <path class=\"ux-shape-fill\" d=\"M0 300L-1 69.71C216 57 299.47 198.86 403 226C506 253 577 196 660 197C740 198 790.09 234.07 874 267C935.23 291 982 282.61 1000 277.61V300H0Z\"\/>\n    <path class=\"ux-shape-fill\" opacity=\"0.5\" d=\"M1 265.094L0 50.5C217 37.79 300.47 186.36 404 213.5C507 240.5 578 196.5 661 197.5C741 198.5 787.59 239.57 871.5 272.5C932.73 296.5 980.5 284.5 998.5 279.5V298.5L1 265.094Z\"\/>\n    <path class=\"ux-shape-fill\" opacity=\"0.15\" d=\"M0.999878 244.094L-0.00012207 27C217 14.29 300.47 173.86 404 201C507 228 578 196 661 197C741 198 787.59 243.07 871.5 276C932.73 300 980.5 284.5 998.5 279.5V299L0.999878 244.094Z\"\/>\n<\/svg>\n\n\t<\/div>\n\n\t\t<div class=\"section-content relative\">\n\t\t\t\n<div class=\"row row-large align-middle align-center\"  id=\"row-1028961005\">\n\n\t<div id=\"col-1527819302\" class=\"col medium-10 small-12 large-10\"  >\n\t\t\t\t<div class=\"col-inner\"  >\n\t\t\t\n\t\t\t\n\t<div id=\"text-779214851\" class=\"text\">\n\t\t\n<blockquote class=\"lead text-center mt-4\"><p><span style=\"font-size: 170%;\">\u00abBelcaire \u2014 Programas de fruta fresca basados en selecci\u00f3n en origen, planificaci\u00f3n de campa\u00f1a y un servicio de exportaci\u00f3n fiable.\u00bb<\/span><\/p><\/blockquote>\n\t\t\n<style>\n#text-779214851 {\n  color: rgb(255,255,255);\n}\n#text-779214851 > * {\n  color: rgb(255,255,255);\n}\n<\/style>\n\t<\/div>\n\t\n\t\t<\/div>\n\t\t\t\t\t<\/div>\n\n\t\n<\/div>\n\t\t<\/div>\n\n\t\t\n<style>\n#section_723807687 {\n  padding-top: 60px;\n  padding-bottom: 60px;\n  background-color: #12754d;\n}\n#section_723807687 .ux-shape-divider--top svg {\n  height: 150px;\n  --divider-top-width: 100%;\n}\n#section_723807687 .ux-shape-divider--bottom svg {\n  height: 150px;\n  --divider-width: 100%;\n}\n<\/style>\n\t<\/section>\n\t\n","protected":false},"excerpt":{"rendered":"","protected":false},"author":1,"featured_media":784,"parent":475,"menu_order":0,"comment_status":"closed","ping_status":"closed","template":"page-transparent-header-light.php","meta":{"footnotes":""},"class_list":["post-949","page","type-page","status-publish","has-post-thumbnail","hentry"],"yoast_head":"<!-- This site is optimized with the Yoast SEO Premium plugin v23.6 (Yoast SEO v27.3) - https:\/\/yoast.com\/product\/yoast-seo-premium-wordpress\/ -->\n<title>Proveedor y Exportador de Frutas Frescas en Espa\u00f1a | Belcaire<\/title>\n<meta name=\"description\" content=\"Belcaire es proveedor y exportador de frutas frescas en Espa\u00f1a: melocotones, nectarinas, peras, melones, sand\u00edas, albaricoques, ciruelas y caqui para importadores y supermercados. Calidad y log\u00edstica de exportaci\u00f3n fiable.\" \/>\n<meta name=\"robots\" content=\"index, follow, max-snippet:-1, max-image-preview:large, max-video-preview:-1\" \/>\n<link rel=\"canonical\" href=\"https:\/\/belcaire.eu\/es\/productos\/frutas-frescas\/\" \/>\n<meta property=\"og:locale\" content=\"es_ES\" \/>\n<meta property=\"og:type\" content=\"article\" \/>\n<meta property=\"og:title\" content=\"Frutas frescas\" \/>\n<meta property=\"og:description\" content=\"Frutas frescas :\" \/>\n<meta property=\"og:url\" content=\"https:\/\/belcaire.eu\/es\/productos\/frutas-frescas\/\" \/>\n<meta property=\"og:site_name\" content=\"Belcaire\" \/>\n<meta property=\"article:modified_time\" content=\"2026-03-01T09:09:39+00:00\" \/>\n<meta property=\"og:image\" content=\"https:\/\/belcaire.eu\/wp-content\/uploads\/2025\/11\/logotipo.jpg\" \/>\n\t<meta property=\"og:image:width\" content=\"696\" \/>\n\t<meta property=\"og:image:height\" content=\"696\" \/>\n\t<meta property=\"og:image:type\" content=\"image\/jpeg\" \/>\n<meta name=\"twitter:card\" content=\"summary_large_image\" \/>\n<meta name=\"twitter:label1\" content=\"Tiempo de lectura\" \/>\n\t<meta name=\"twitter:data1\" content=\"3 minutos\" \/>\n<script type=\"application\/ld+json\" class=\"yoast-schema-graph\">{\"@context\":\"https:\\\/\\\/schema.org\",\"@graph\":[{\"@type\":\"WebPage\",\"@id\":\"https:\\\/\\\/belcaire.eu\\\/es\\\/productos\\\/frutas-frescas\\\/\",\"url\":\"https:\\\/\\\/belcaire.eu\\\/es\\\/productos\\\/frutas-frescas\\\/\",\"name\":\"Proveedor y Exportador de Frutas Frescas en Espa\u00f1a | Belcaire\",\"isPartOf\":{\"@id\":\"https:\\\/\\\/belcaire.eu\\\/es\\\/#website\"},\"primaryImageOfPage\":{\"@id\":\"https:\\\/\\\/belcaire.eu\\\/es\\\/productos\\\/frutas-frescas\\\/#primaryimage\"},\"image\":{\"@id\":\"https:\\\/\\\/belcaire.eu\\\/es\\\/productos\\\/frutas-frescas\\\/#primaryimage\"},\"thumbnailUrl\":\"https:\\\/\\\/belcaire.eu\\\/wp-content\\\/uploads\\\/2025\\\/11\\\/logotipo.jpg\",\"datePublished\":\"2026-02-18T15:47:02+00:00\",\"dateModified\":\"2026-03-01T09:09:39+00:00\",\"description\":\"Belcaire es proveedor y exportador de frutas frescas en Espa\u00f1a: melocotones, nectarinas, peras, melones, sand\u00edas, albaricoques, ciruelas y caqui para importadores y supermercados. Calidad y log\u00edstica de exportaci\u00f3n fiable.\",\"breadcrumb\":{\"@id\":\"https:\\\/\\\/belcaire.eu\\\/es\\\/productos\\\/frutas-frescas\\\/#breadcrumb\"},\"inLanguage\":\"es\",\"potentialAction\":[{\"@type\":\"ReadAction\",\"target\":[\"https:\\\/\\\/belcaire.eu\\\/es\\\/productos\\\/frutas-frescas\\\/\"]}]},{\"@type\":\"ImageObject\",\"inLanguage\":\"es\",\"@id\":\"https:\\\/\\\/belcaire.eu\\\/es\\\/productos\\\/frutas-frescas\\\/#primaryimage\",\"url\":\"https:\\\/\\\/belcaire.eu\\\/wp-content\\\/uploads\\\/2025\\\/11\\\/logotipo.jpg\",\"contentUrl\":\"https:\\\/\\\/belcaire.eu\\\/wp-content\\\/uploads\\\/2025\\\/11\\\/logotipo.jpg\",\"width\":696,\"height\":696,\"caption\":\"belcaire\"},{\"@type\":\"BreadcrumbList\",\"@id\":\"https:\\\/\\\/belcaire.eu\\\/es\\\/productos\\\/frutas-frescas\\\/#breadcrumb\",\"itemListElement\":[{\"@type\":\"ListItem\",\"position\":1,\"name\":\"Portada\",\"item\":\"https:\\\/\\\/belcaire.eu\\\/es\\\/\"},{\"@type\":\"ListItem\",\"position\":2,\"name\":\"Productos\",\"item\":\"https:\\\/\\\/belcaire.eu\\\/es\\\/productos\\\/\"},{\"@type\":\"ListItem\",\"position\":3,\"name\":\"Frutas frescas\"}]},{\"@type\":\"WebSite\",\"@id\":\"https:\\\/\\\/belcaire.eu\\\/es\\\/#website\",\"url\":\"https:\\\/\\\/belcaire.eu\\\/es\\\/\",\"name\":\"Belcaire\",\"description\":\"Production, selection, and export of citrus fruit, fresh fruit, and vegetables.\",\"publisher\":{\"@id\":\"https:\\\/\\\/belcaire.eu\\\/es\\\/#organization\"},\"alternateName\":\"Belcaire Export\",\"potentialAction\":[{\"@type\":\"SearchAction\",\"target\":{\"@type\":\"EntryPoint\",\"urlTemplate\":\"https:\\\/\\\/belcaire.eu\\\/es\\\/?s={search_term_string}\"},\"query-input\":{\"@type\":\"PropertyValueSpecification\",\"valueRequired\":true,\"valueName\":\"search_term_string\"}}],\"inLanguage\":\"es\"},{\"@type\":\"Organization\",\"@id\":\"https:\\\/\\\/belcaire.eu\\\/es\\\/#organization\",\"name\":\"Belcaire\",\"alternateName\":\"Belcaire Export\",\"url\":\"https:\\\/\\\/belcaire.eu\\\/es\\\/\",\"logo\":{\"@type\":\"ImageObject\",\"inLanguage\":\"es\",\"@id\":\"https:\\\/\\\/belcaire.eu\\\/es\\\/#\\\/schema\\\/logo\\\/image\\\/\",\"url\":\"https:\\\/\\\/belcaire.eu\\\/wp-content\\\/uploads\\\/2025\\\/11\\\/logotipo.jpg\",\"contentUrl\":\"https:\\\/\\\/belcaire.eu\\\/wp-content\\\/uploads\\\/2025\\\/11\\\/logotipo.jpg\",\"width\":696,\"height\":696,\"caption\":\"Belcaire\"},\"image\":{\"@id\":\"https:\\\/\\\/belcaire.eu\\\/es\\\/#\\\/schema\\\/logo\\\/image\\\/\"},\"description\":\"Spanish company specialized in the production, selection, and export of citrus fruit, fresh fruit, and vegetables. With headquarters in the Valencian Community and a subsidiary in Bucharest, Belcaire supplies high-quality produce to international clients all year round.\",\"email\":\"comercial@belcaire.eu\",\"telephone\":\"+34 964 674 681\",\"legalName\":\"Exportaciones Belcaire, S.L.\",\"foundingDate\":\"2002-01-01\",\"vatID\":\"ESB12345678\",\"taxID\":\"ESB12345678\",\"naics\":\"424480\",\"numberOfEmployees\":{\"@type\":\"QuantitativeValue\",\"minValue\":\"11\",\"maxValue\":\"50\"}}]}<\/script>\n<!-- \/ Yoast SEO Premium plugin. -->","yoast_head_json":{"title":"Proveedor y Exportador de Frutas Frescas en Espa\u00f1a | Belcaire","description":"Belcaire es proveedor y exportador de frutas frescas en Espa\u00f1a: melocotones, nectarinas, peras, melones, sand\u00edas, albaricoques, ciruelas y caqui para importadores y supermercados. Calidad y log\u00edstica de exportaci\u00f3n fiable.","robots":{"index":"index","follow":"follow","max-snippet":"max-snippet:-1","max-image-preview":"max-image-preview:large","max-video-preview":"max-video-preview:-1"},"canonical":"https:\/\/belcaire.eu\/es\/productos\/frutas-frescas\/","og_locale":"es_ES","og_type":"article","og_title":"Frutas frescas","og_description":"Frutas frescas :","og_url":"https:\/\/belcaire.eu\/es\/productos\/frutas-frescas\/","og_site_name":"Belcaire","article_modified_time":"2026-03-01T09:09:39+00:00","og_image":[{"width":696,"height":696,"url":"https:\/\/belcaire.eu\/wp-content\/uploads\/2025\/11\/logotipo.jpg","type":"image\/jpeg"}],"twitter_card":"summary_large_image","twitter_misc":{"Tiempo de lectura":"3 minutos"},"schema":{"@context":"https:\/\/schema.org","@graph":[{"@type":"WebPage","@id":"https:\/\/belcaire.eu\/es\/productos\/frutas-frescas\/","url":"https:\/\/belcaire.eu\/es\/productos\/frutas-frescas\/","name":"Proveedor y Exportador de Frutas Frescas en Espa\u00f1a | Belcaire","isPartOf":{"@id":"https:\/\/belcaire.eu\/es\/#website"},"primaryImageOfPage":{"@id":"https:\/\/belcaire.eu\/es\/productos\/frutas-frescas\/#primaryimage"},"image":{"@id":"https:\/\/belcaire.eu\/es\/productos\/frutas-frescas\/#primaryimage"},"thumbnailUrl":"https:\/\/belcaire.eu\/wp-content\/uploads\/2025\/11\/logotipo.jpg","datePublished":"2026-02-18T15:47:02+00:00","dateModified":"2026-03-01T09:09:39+00:00","description":"Belcaire es proveedor y exportador de frutas frescas en Espa\u00f1a: melocotones, nectarinas, peras, melones, sand\u00edas, albaricoques, ciruelas y caqui para importadores y supermercados. Calidad y log\u00edstica de exportaci\u00f3n fiable.","breadcrumb":{"@id":"https:\/\/belcaire.eu\/es\/productos\/frutas-frescas\/#breadcrumb"},"inLanguage":"es","potentialAction":[{"@type":"ReadAction","target":["https:\/\/belcaire.eu\/es\/productos\/frutas-frescas\/"]}]},{"@type":"ImageObject","inLanguage":"es","@id":"https:\/\/belcaire.eu\/es\/productos\/frutas-frescas\/#primaryimage","url":"https:\/\/belcaire.eu\/wp-content\/uploads\/2025\/11\/logotipo.jpg","contentUrl":"https:\/\/belcaire.eu\/wp-content\/uploads\/2025\/11\/logotipo.jpg","width":696,"height":696,"caption":"belcaire"},{"@type":"BreadcrumbList","@id":"https:\/\/belcaire.eu\/es\/productos\/frutas-frescas\/#breadcrumb","itemListElement":[{"@type":"ListItem","position":1,"name":"Portada","item":"https:\/\/belcaire.eu\/es\/"},{"@type":"ListItem","position":2,"name":"Productos","item":"https:\/\/belcaire.eu\/es\/productos\/"},{"@type":"ListItem","position":3,"name":"Frutas frescas"}]},{"@type":"WebSite","@id":"https:\/\/belcaire.eu\/es\/#website","url":"https:\/\/belcaire.eu\/es\/","name":"Belcaire","description":"Production, selection, and export of citrus fruit, fresh fruit, and vegetables.","publisher":{"@id":"https:\/\/belcaire.eu\/es\/#organization"},"alternateName":"Belcaire Export","potentialAction":[{"@type":"SearchAction","target":{"@type":"EntryPoint","urlTemplate":"https:\/\/belcaire.eu\/es\/?s={search_term_string}"},"query-input":{"@type":"PropertyValueSpecification","valueRequired":true,"valueName":"search_term_string"}}],"inLanguage":"es"},{"@type":"Organization","@id":"https:\/\/belcaire.eu\/es\/#organization","name":"Belcaire","alternateName":"Belcaire Export","url":"https:\/\/belcaire.eu\/es\/","logo":{"@type":"ImageObject","inLanguage":"es","@id":"https:\/\/belcaire.eu\/es\/#\/schema\/logo\/image\/","url":"https:\/\/belcaire.eu\/wp-content\/uploads\/2025\/11\/logotipo.jpg","contentUrl":"https:\/\/belcaire.eu\/wp-content\/uploads\/2025\/11\/logotipo.jpg","width":696,"height":696,"caption":"Belcaire"},"image":{"@id":"https:\/\/belcaire.eu\/es\/#\/schema\/logo\/image\/"},"description":"Spanish company specialized in the production, selection, and export of citrus fruit, fresh fruit, and vegetables. With headquarters in the Valencian Community and a subsidiary in Bucharest, Belcaire supplies high-quality produce to international clients all year round.","email":"comercial@belcaire.eu","telephone":"+34 964 674 681","legalName":"Exportaciones Belcaire, S.L.","foundingDate":"2002-01-01","vatID":"ESB12345678","taxID":"ESB12345678","naics":"424480","numberOfEmployees":{"@type":"QuantitativeValue","minValue":"11","maxValue":"50"}}]}},"_links":{"self":[{"href":"https:\/\/belcaire.eu\/es\/wp-json\/wp\/v2\/pages\/949","targetHints":{"allow":["GET"]}}],"collection":[{"href":"https:\/\/belcaire.eu\/es\/wp-json\/wp\/v2\/pages"}],"about":[{"href":"https:\/\/belcaire.eu\/es\/wp-json\/wp\/v2\/types\/page"}],"author":[{"embeddable":true,"href":"https:\/\/belcaire.eu\/es\/wp-json\/wp\/v2\/users\/1"}],"replies":[{"embeddable":true,"href":"https:\/\/belcaire.eu\/es\/wp-json\/wp\/v2\/comments?post=949"}],"version-history":[{"count":2,"href":"https:\/\/belcaire.eu\/es\/wp-json\/wp\/v2\/pages\/949\/revisions"}],"predecessor-version":[{"id":961,"href":"https:\/\/belcaire.eu\/es\/wp-json\/wp\/v2\/pages\/949\/revisions\/961"}],"up":[{"embeddable":true,"href":"https:\/\/belcaire.eu\/es\/wp-json\/wp\/v2\/pages\/475"}],"wp:featuredmedia":[{"embeddable":true,"href":"https:\/\/belcaire.eu\/es\/wp-json\/wp\/v2\/media\/784"}],"wp:attachment":[{"href":"https:\/\/belcaire.eu\/es\/wp-json\/wp\/v2\/media?parent=949"}],"curies":[{"name":"wp","href":"https:\/\/api.w.org\/{rel}","templated":true}]}}