{"id":487,"date":"2025-11-04T18:57:18","date_gmt":"2025-11-04T17:57:18","guid":{"rendered":"https:\/\/belcaire.eu\/private-policy\/"},"modified":"2025-11-10T20:46:23","modified_gmt":"2025-11-10T19:46:23","slug":"politica-de-privacidad","status":"publish","type":"page","link":"https:\/\/belcaire.eu\/es\/politica-de-privacidad\/","title":{"rendered":"Pol\u00edtica de Privacidad"},"content":{"rendered":"<h2>Pol\u00edtica de Privacidad<\/h2>\n<p>En <strong>Belcaire S.L.<\/strong> (\u201cBelcaire\u201d, \u201cnosotros\u201d o \u201cnuestra empresa\u201d), respetamos tu privacidad y estamos comprometidos con la protecci\u00f3n de los datos personales que nos proporciones. Esta Pol\u00edtica de Privacidad explica c\u00f3mo recopilamos, utilizamos y protegemos tu informaci\u00f3n cuando visitas nuestro sitio web <a href=\"https:\/\/belcaire.eu\">belcaire.eu<\/a>.<\/p>\n<h3>1. Responsable del tratamiento<\/h3>\n<p><strong>Exportaciones Belcaire, S.L.<\/strong><br \/>\nC\/ Dr. Jos\u00e9 Can\u00f3s, 6<br \/>\n12520 Nules, Castell\u00f3n, Espa\u00f1a<br \/>\nCorreo: <a href=\"mailto:comercial&#64;belcaire&#46;eu\">comercial&#64;belcaire&#46;eu<\/a><br \/>\nTel\u00e9fono: <a href=\"tel:+34964674681\">+34 964 674 681<\/a><\/p>\n<h3>2. Datos que recopilamos<\/h3>\n<p>No recopilamos datos personales salvo que sean proporcionados voluntariamente por el usuario a trav\u00e9s de medios de contacto directo (correo electr\u00f3nico o tel\u00e9fono). El sitio utiliza cookies funcionales y anal\u00edticas para su correcto funcionamiento y mejora de rendimiento.<\/p>\n<h3>3. Finalidad y legitimaci\u00f3n<\/h3>\n<p>Los datos personales se tratar\u00e1n \u00fanicamente para mantener comunicaciones leg\u00edtimas con clientes, proveedores o interesados, dar respuesta a consultas o cumplir con obligaciones legales derivadas del Reglamento (UE) 2016\/679 (RGPD) y la Ley Org\u00e1nica 3\/2018 (LOPDGDD).<\/p>\n<h3>4. Conservaci\u00f3n de los datos<\/h3>\n<p>Los datos se conservar\u00e1n \u00fanicamente durante el tiempo necesario para cumplir la finalidad con la que fueron recabados o mientras exista una relaci\u00f3n comercial o legal que lo justifique.<\/p>\n<h3>5. Comunicaci\u00f3n de datos<\/h3>\n<p>Belcaire no cede ni vende datos personales a terceros. Los datos podr\u00e1n compartirse \u00fanicamente con proveedores de servicios esenciales (como hosting o correo electr\u00f3nico) bajo contratos de confidencialidad y tratamiento conforme al RGPD.<\/p>\n<h3>6. Transferencias internacionales<\/h3>\n<p>El tratamiento de los datos se realiza principalmente dentro del Espacio Econ\u00f3mico Europeo (EEE). En caso de transferencias internacionales, se aplicar\u00e1n las garant\u00edas adecuadas como las Cl\u00e1usulas Contractuales Tipo aprobadas por la Comisi\u00f3n Europea.<\/p>\n<h3>7. Derechos del usuario<\/h3>\n<p>Podr\u00e1s ejercer tus derechos de acceso, rectificaci\u00f3n, supresi\u00f3n, limitaci\u00f3n del tratamiento, oposici\u00f3n y portabilidad de los datos enviando una solicitud a <a href=\"mailto:comercial&#64;belcaire&#46;eu\">comercial&#64;belcaire&#46;eu<\/a>.<\/p>\n<h3>8. Cookies<\/h3>\n<p>Este sitio web utiliza cookies t\u00e9cnicas y anal\u00edticas gestionadas mediante nuestro panel de consentimiento. Puedes obtener m\u00e1s informaci\u00f3n en nuestra <a href=\"\/politica-de-cookies\/\">Pol\u00edtica de Cookies<\/a>.<\/p>\n<h3>9. Medidas de seguridad<\/h3>\n<p>Belcaire aplica medidas t\u00e9cnicas y organizativas apropiadas para proteger los datos personales frente a accesos no autorizados, p\u00e9rdida o uso indebido.<\/p>\n<h3>10. Actualizaciones de esta pol\u00edtica<\/h3>\n<p>Esta Pol\u00edtica de Privacidad puede actualizarse peri\u00f3dicamente para reflejar cambios legales o t\u00e9cnicos. La versi\u00f3n m\u00e1s reciente estar\u00e1 siempre disponible en esta p\u00e1gina.<\/p>\n<p><em>\u00daltima actualizaci\u00f3n: noviembre de 2025<\/em><\/p>\n","protected":false},"excerpt":{"rendered":"<p>Pol\u00edtica de Privacidad En Belcaire S.L. (\u201cBelcaire\u201d, \u201cnosotros\u201d o \u201cnuestra empresa\u201d), respetamos tu privacidad y estamos comprometidos con la protecci\u00f3n de los datos personales que nos proporciones. Esta Pol\u00edtica de Privacidad explica c\u00f3mo recopilamos, utilizamos y protegemos tu informaci\u00f3n cuando visitas nuestro sitio web belcaire.eu. 1. Responsable del tratamiento Exportaciones Belcaire, S.L. C\/ Dr. Jos\u00e9 [&#8230;]\n","protected":false},"author":1,"featured_media":0,"parent":0,"menu_order":0,"comment_status":"closed","ping_status":"closed","template":"","meta":{"footnotes":""},"class_list":["post-487","page","type-page","status-publish","hentry"],"yoast_head":"<!-- This site is optimized with the Yoast SEO Premium plugin v23.6 (Yoast SEO v27.3) - https:\/\/yoast.com\/product\/yoast-seo-premium-wordpress\/ -->\n<title>Pol\u00edtica de Privacidad | Belcaire \u2013 Exportaci\u00f3n de c\u00edtricos, frutas<\/title>\n<meta name=\"description\" content=\"Pol\u00edtica de Privacidad de Belcaire S.L. \u2014 informaci\u00f3n sobre c\u00f3mo tratamos y protegemos tus datos personales seg\u00fan el RGPD y la LOPDGDD.\" \/>\n<meta name=\"robots\" content=\"noindex, nofollow\" \/>\n<meta property=\"og:locale\" content=\"es_ES\" \/>\n<meta property=\"og:type\" content=\"article\" \/>\n<meta property=\"og:title\" content=\"Pol\u00edtica de Privacidad\" \/>\n<meta property=\"og:description\" content=\"Pol\u00edtica de Privacidad : Pol\u00edtica de Privacidad En Belcaire S.L. (\u201cBelcaire\u201d, \u201cnosotros\u201d o \u201cnuestra empresa\u201d), respetamos tu privacidad y estamos comprometidos con la protecci\u00f3n\" \/>\n<meta property=\"og:url\" content=\"https:\/\/belcaire.eu\/es\/politica-de-privacidad\/\" \/>\n<meta property=\"og:site_name\" content=\"Belcaire\" \/>\n<meta property=\"article:modified_time\" content=\"2025-11-10T19:46:23+00:00\" \/>\n<meta property=\"og:image\" content=\"https:\/\/belcaire.eu\/wp-content\/uploads\/2025\/11\/belcaire-Producers-and-Exporters-CitrusFresh-Fruit-and-Vegetables-1.jpg\" \/>\n\t<meta property=\"og:image:width\" content=\"1400\" \/>\n\t<meta property=\"og:image:height\" content=\"800\" \/>\n\t<meta property=\"og:image:type\" content=\"image\/jpeg\" \/>\n<meta name=\"twitter:card\" content=\"summary_large_image\" \/>\n<meta name=\"twitter:label1\" content=\"Tiempo de lectura\" \/>\n\t<meta name=\"twitter:data1\" content=\"2 minutos\" \/>\n<script type=\"application\/ld+json\" class=\"yoast-schema-graph\">{\"@context\":\"https:\\\/\\\/schema.org\",\"@graph\":[{\"@type\":\"WebPage\",\"@id\":\"https:\\\/\\\/belcaire.eu\\\/es\\\/politica-de-privacidad\\\/\",\"url\":\"https:\\\/\\\/belcaire.eu\\\/es\\\/politica-de-privacidad\\\/\",\"name\":\"Pol\u00edtica de Privacidad | Belcaire \u2013 Exportaci\u00f3n de c\u00edtricos, frutas\",\"isPartOf\":{\"@id\":\"https:\\\/\\\/belcaire.eu\\\/es\\\/#website\"},\"datePublished\":\"2025-11-04T17:57:18+00:00\",\"dateModified\":\"2025-11-10T19:46:23+00:00\",\"description\":\"Pol\u00edtica de Privacidad de Belcaire S.L. \u2014 informaci\u00f3n sobre c\u00f3mo tratamos y protegemos tus datos personales seg\u00fan el RGPD y la LOPDGDD.\",\"breadcrumb\":{\"@id\":\"https:\\\/\\\/belcaire.eu\\\/es\\\/politica-de-privacidad\\\/#breadcrumb\"},\"inLanguage\":\"es\",\"potentialAction\":[{\"@type\":\"ReadAction\",\"target\":[\"https:\\\/\\\/belcaire.eu\\\/es\\\/politica-de-privacidad\\\/\"]}]},{\"@type\":\"BreadcrumbList\",\"@id\":\"https:\\\/\\\/belcaire.eu\\\/es\\\/politica-de-privacidad\\\/#breadcrumb\",\"itemListElement\":[{\"@type\":\"ListItem\",\"position\":1,\"name\":\"Portada\",\"item\":\"https:\\\/\\\/belcaire.eu\\\/es\\\/\"},{\"@type\":\"ListItem\",\"position\":2,\"name\":\"Pol\u00edtica de Privacidad\"}]},{\"@type\":\"WebSite\",\"@id\":\"https:\\\/\\\/belcaire.eu\\\/es\\\/#website\",\"url\":\"https:\\\/\\\/belcaire.eu\\\/es\\\/\",\"name\":\"Belcaire\",\"description\":\"Production, selection, and export of citrus fruit, fresh fruit, and vegetables.\",\"publisher\":{\"@id\":\"https:\\\/\\\/belcaire.eu\\\/es\\\/#organization\"},\"alternateName\":\"Belcaire Export\",\"potentialAction\":[{\"@type\":\"SearchAction\",\"target\":{\"@type\":\"EntryPoint\",\"urlTemplate\":\"https:\\\/\\\/belcaire.eu\\\/es\\\/?s={search_term_string}\"},\"query-input\":{\"@type\":\"PropertyValueSpecification\",\"valueRequired\":true,\"valueName\":\"search_term_string\"}}],\"inLanguage\":\"es\"},{\"@type\":\"Organization\",\"@id\":\"https:\\\/\\\/belcaire.eu\\\/es\\\/#organization\",\"name\":\"Belcaire\",\"alternateName\":\"Belcaire Export\",\"url\":\"https:\\\/\\\/belcaire.eu\\\/es\\\/\",\"logo\":{\"@type\":\"ImageObject\",\"inLanguage\":\"es\",\"@id\":\"https:\\\/\\\/belcaire.eu\\\/es\\\/#\\\/schema\\\/logo\\\/image\\\/\",\"url\":\"https:\\\/\\\/belcaire.eu\\\/wp-content\\\/uploads\\\/2025\\\/11\\\/logotipo.jpg\",\"contentUrl\":\"https:\\\/\\\/belcaire.eu\\\/wp-content\\\/uploads\\\/2025\\\/11\\\/logotipo.jpg\",\"width\":696,\"height\":696,\"caption\":\"Belcaire\"},\"image\":{\"@id\":\"https:\\\/\\\/belcaire.eu\\\/es\\\/#\\\/schema\\\/logo\\\/image\\\/\"},\"description\":\"Spanish company specialized in the production, selection, and export of citrus fruit, fresh fruit, and vegetables. With headquarters in the Valencian Community and a subsidiary in Bucharest, Belcaire supplies high-quality produce to international clients all year round.\",\"email\":\"comercial@belcaire.eu\",\"telephone\":\"+34 964 674 681\",\"legalName\":\"Exportaciones Belcaire, S.L.\",\"foundingDate\":\"2002-01-01\",\"vatID\":\"ESB12345678\",\"taxID\":\"ESB12345678\",\"naics\":\"424480\",\"numberOfEmployees\":{\"@type\":\"QuantitativeValue\",\"minValue\":\"11\",\"maxValue\":\"50\"}}]}<\/script>\n<!-- \/ Yoast SEO Premium plugin. -->","yoast_head_json":{"title":"Pol\u00edtica de Privacidad | Belcaire \u2013 Exportaci\u00f3n de c\u00edtricos, frutas","description":"Pol\u00edtica de Privacidad de Belcaire S.L. \u2014 informaci\u00f3n sobre c\u00f3mo tratamos y protegemos tus datos personales seg\u00fan el RGPD y la LOPDGDD.","robots":{"index":"noindex","follow":"nofollow"},"og_locale":"es_ES","og_type":"article","og_title":"Pol\u00edtica de Privacidad","og_description":"Pol\u00edtica de Privacidad : Pol\u00edtica de Privacidad En Belcaire S.L. (\u201cBelcaire\u201d, \u201cnosotros\u201d o \u201cnuestra empresa\u201d), respetamos tu privacidad y estamos comprometidos con la protecci\u00f3n","og_url":"https:\/\/belcaire.eu\/es\/politica-de-privacidad\/","og_site_name":"Belcaire","article_modified_time":"2025-11-10T19:46:23+00:00","og_image":[{"width":1400,"height":800,"url":"https:\/\/belcaire.eu\/wp-content\/uploads\/2025\/11\/belcaire-Producers-and-Exporters-CitrusFresh-Fruit-and-Vegetables-1.jpg","type":"image\/jpeg"}],"twitter_card":"summary_large_image","twitter_misc":{"Tiempo de lectura":"2 minutos"},"schema":{"@context":"https:\/\/schema.org","@graph":[{"@type":"WebPage","@id":"https:\/\/belcaire.eu\/es\/politica-de-privacidad\/","url":"https:\/\/belcaire.eu\/es\/politica-de-privacidad\/","name":"Pol\u00edtica de Privacidad | Belcaire \u2013 Exportaci\u00f3n de c\u00edtricos, frutas","isPartOf":{"@id":"https:\/\/belcaire.eu\/es\/#website"},"datePublished":"2025-11-04T17:57:18+00:00","dateModified":"2025-11-10T19:46:23+00:00","description":"Pol\u00edtica de Privacidad de Belcaire S.L. \u2014 informaci\u00f3n sobre c\u00f3mo tratamos y protegemos tus datos personales seg\u00fan el RGPD y la LOPDGDD.","breadcrumb":{"@id":"https:\/\/belcaire.eu\/es\/politica-de-privacidad\/#breadcrumb"},"inLanguage":"es","potentialAction":[{"@type":"ReadAction","target":["https:\/\/belcaire.eu\/es\/politica-de-privacidad\/"]}]},{"@type":"BreadcrumbList","@id":"https:\/\/belcaire.eu\/es\/politica-de-privacidad\/#breadcrumb","itemListElement":[{"@type":"ListItem","position":1,"name":"Portada","item":"https:\/\/belcaire.eu\/es\/"},{"@type":"ListItem","position":2,"name":"Pol\u00edtica de Privacidad"}]},{"@type":"WebSite","@id":"https:\/\/belcaire.eu\/es\/#website","url":"https:\/\/belcaire.eu\/es\/","name":"Belcaire","description":"Production, selection, and export of citrus fruit, fresh fruit, and vegetables.","publisher":{"@id":"https:\/\/belcaire.eu\/es\/#organization"},"alternateName":"Belcaire Export","potentialAction":[{"@type":"SearchAction","target":{"@type":"EntryPoint","urlTemplate":"https:\/\/belcaire.eu\/es\/?s={search_term_string}"},"query-input":{"@type":"PropertyValueSpecification","valueRequired":true,"valueName":"search_term_string"}}],"inLanguage":"es"},{"@type":"Organization","@id":"https:\/\/belcaire.eu\/es\/#organization","name":"Belcaire","alternateName":"Belcaire Export","url":"https:\/\/belcaire.eu\/es\/","logo":{"@type":"ImageObject","inLanguage":"es","@id":"https:\/\/belcaire.eu\/es\/#\/schema\/logo\/image\/","url":"https:\/\/belcaire.eu\/wp-content\/uploads\/2025\/11\/logotipo.jpg","contentUrl":"https:\/\/belcaire.eu\/wp-content\/uploads\/2025\/11\/logotipo.jpg","width":696,"height":696,"caption":"Belcaire"},"image":{"@id":"https:\/\/belcaire.eu\/es\/#\/schema\/logo\/image\/"},"description":"Spanish company specialized in the production, selection, and export of citrus fruit, fresh fruit, and vegetables. With headquarters in the Valencian Community and a subsidiary in Bucharest, Belcaire supplies high-quality produce to international clients all year round.","email":"comercial@belcaire.eu","telephone":"+34 964 674 681","legalName":"Exportaciones Belcaire, S.L.","foundingDate":"2002-01-01","vatID":"ESB12345678","taxID":"ESB12345678","naics":"424480","numberOfEmployees":{"@type":"QuantitativeValue","minValue":"11","maxValue":"50"}}]}},"_links":{"self":[{"href":"https:\/\/belcaire.eu\/es\/wp-json\/wp\/v2\/pages\/487","targetHints":{"allow":["GET"]}}],"collection":[{"href":"https:\/\/belcaire.eu\/es\/wp-json\/wp\/v2\/pages"}],"about":[{"href":"https:\/\/belcaire.eu\/es\/wp-json\/wp\/v2\/types\/page"}],"author":[{"embeddable":true,"href":"https:\/\/belcaire.eu\/es\/wp-json\/wp\/v2\/users\/1"}],"replies":[{"embeddable":true,"href":"https:\/\/belcaire.eu\/es\/wp-json\/wp\/v2\/comments?post=487"}],"version-history":[{"count":4,"href":"https:\/\/belcaire.eu\/es\/wp-json\/wp\/v2\/pages\/487\/revisions"}],"predecessor-version":[{"id":848,"href":"https:\/\/belcaire.eu\/es\/wp-json\/wp\/v2\/pages\/487\/revisions\/848"}],"wp:attachment":[{"href":"https:\/\/belcaire.eu\/es\/wp-json\/wp\/v2\/media?parent=487"}],"curies":[{"name":"wp","href":"https:\/\/api.w.org\/{rel}","templated":true}]}}